{"id":258215,"date":"2017-09-14T21:03:40","date_gmt":"2017-09-14T19:03:40","guid":{"rendered":"https:\/\/flightradar.live\/flightradar24\/"},"modified":"2023-01-08T00:14:39","modified_gmt":"2023-01-07T23:14:39","slug":"flightradar24","status":"publish","type":"page","link":"https:\/\/flightradar.live\/no\/","title":{"rendered":"Flightradar24"},"content":{"rendered":"\r\n\r\n<script src=\"\/js\/flightradar.js\" async><\/script>\r\n<script src=\"\/js\/youtubelazyload.js\" ><\/script>\r\n<link rel=\"preconnect\" href=\"https:\/\/www.radarbox24.com\">\r\n\r\n<style>\r\n    \/*---flightradar map Desktop - full width---*\/\r\n    @media only screen and (min-width: 769px) {\r\n        .flightadar-mapsize {\r\n            margin-left: calc(50% - 50vw) !important;\r\n            margin-right: calc(50% - 50vw) !important;\r\n            max-width: unset !important;\r\n        }\r\n    }\r\n\r\n    @media only screen and (max-width: 768px) {\r\n        .flightradar-list ul {\r\n            padding: 0 0 0 0px !important;\r\n            margin: 0 0 15px 0px !important;\r\n        }\r\n\r\n        .flightradar-list li {\r\n            padding: 10px 0px !important;\r\n        }\r\n    }\r\n\r\n    .container {\r\n        overflow: hidden !important;\r\n        height: 350px !important;\r\n        width: 100%;\r\n        background-image: url(https:\/\/flightradar.live\/wp-content\/uploads\/2021\/11\/flightradar-placeholder.webp);\r\n        background-position: center center;\r\n        background-repeat: no-repeat;\r\n        display: flex;\r\n        justify-content: center;\r\n        align-items: center;\r\n    }\r\n\r\n    .draw {\r\n        background-image: linear-gradient(rgb(255, 255, 255, 0.01),\r\n                rgb(255, 255, 255, 0.4),\r\n                rgb(255, 255, 255, 0.6),\r\n                rgb(255, 255, 255, 0.4),\r\n                rgb(255, 255, 255, 0.01));\r\n        height: 120px;\r\n        width: 100%;\r\n        position: absolute;\r\n    }\r\n\r\n    .btn {\r\n        position: relative;\r\n    }\r\n\r\n    .container .btn {\r\n        background-color: #e6d250;\r\n        color: #000;\r\n        font-weight: 700;\r\n        font-size: 18px;\r\n        padding: 24px 48px;\r\n        border: none;\r\n        cursor: pointer;\r\n        border-radius: 5px;\r\n    }\r\n\r\n    .container .btn:hover {\r\n        background-color: #b5a21a;\r\n    }\r\n\r\n    #showhere {\r\n        background: white;\r\n        overflow: hidden;\r\n    }\r\n\r\n    .buch-wrapper {\r\n        display: flex;\r\n        gap: 20px 50px;\r\n        \/* row-gap column gap *\/\r\n        flex-direction: row;\r\n        column-gap: 50px;\r\n        margin: 30px 0px;\r\n        flex-wrap: nowrap;\r\n        justify-content: space-between;\r\n\r\n    }\r\n\r\n    .buch-img {\r\n        display: flex;\r\n        min-width: 300px;\r\n        justify-content: center;\r\n        align-items: center;\r\n    }\r\n\r\n\r\n    @media only screen and (max-width: 768px) {\r\n        .buch-wrapper {\r\n            flex-wrap: wrap;\r\n            justify-content: center;\r\n        }\r\n    }\r\n\t\r\n    @media only screen and (max-width: 768px) {\r\n        .publift-not-mobile {\r\n            display: none;\r\n        }\r\n    }\r\n\r\n    @media only screen and (min-width: 769px) {\r\n        .publift-not-desktop {\r\n            display: none;\r\n        }\r\n    }\r\n<\/style>\r\n\r\n<style>\r\n    .youtube-player {\r\n        position: relative;\r\n        padding-bottom: 56.25%;\r\n        height: 0;\r\n        overflow: hidden;\r\n        max-width: 100%;\r\n        background: #000;\r\n        margin: 0px;\r\n    }\r\n\r\n    .youtube-player iframe {\r\n        position: absolute;\r\n        top: 0;\r\n        left: 0;\r\n        width: 100%;\r\n        height: 100%;\r\n        z-index: 100;\r\n        background: transparent;\r\n    }\r\n\r\n    .youtube-player img {\r\n        object-fit: cover;\r\n        display: block;\r\n        left: 0;\r\n        bottom: 0;\r\n        margin: auto;\r\n        max-width: 100%;\r\n        width: 100%;\r\n        position: absolute;\r\n        right: 0;\r\n        top: 0;\r\n        border: none;\r\n        height: auto;\r\n        cursor: pointer;\r\n        -webkit-transition: 0.4s all;\r\n        -moz-transition: 0.4s all;\r\n        transition: 0.4s all;\r\n    }\r\n\r\n    .youtube-player img:hover {\r\n        -webkit-filter: brightness(75%);\r\n        -moz-filter: brightness(75%);\r\n        filter: brightness(75%);\r\n    }\r\n\r\n    .youtube-player .play {\r\n        height: 72px;\r\n        width: 72px;\r\n        left: 50%;\r\n        top: 50%;\r\n        margin-left: -36px;\r\n        margin-top: -36px;\r\n        position: absolute;\r\n        background: url(\"https:\/\/upload.wikimedia.org\/wikipedia\/commons\/b\/b8\/YouTube_play_button_icon_(2013%E2%80%932017).svg\") no-repeat;\r\n        cursor: pointer;\r\n    }\r\n<\/style>\r\n\r\n<!-- 71161633\/home_header\/home_header -->\r\n<div class=\"publift-not-desktop\" style=\"min-height: 250px;\" data-fuse=\"22846376962\"><\/div>\r\n\r\n<div id=\"flightradar-wrapper\">\r\n    <div class=\"flightadar-mapsize\" style=\"margin:15px 0;\">\r\n        <div id=\"showhere\"><\/div>\r\n        <div class=\"container\" id=\"framesize\">\r\n            <div class=\"draw\"><\/div>\r\n            <div class=\"btn radar-btn\" id=\"showradar\" rel=\"nofollow\">S T A R T<\/div>\r\n        <\/div>\r\n    <\/div>\r\n<\/div>\r\n\r\n<!-- 71161633\/home_header\/home_header -->\r\n<div class=\"publift-not-mobile\" style=\"min-height: 250px;\" data-fuse=\"22846376962\"><\/div>\r\n<!-- 71161633\/home_incontent_1\/home_incontent_1 -->\r\n<div class=\"publift-not-desktop\" style=\"min-height: 90px;\" data-fuse=\"22846376758\"><\/div>\r\n\r\n<div class=\"main-text\">\r\n    <h1>Flightradar24 &#8211; flyradar til sporing av fly i sanntid<\/h1>\r\n    <p style=\"text-align: justify;\">Solen skinner, ingen skyer er \u00e5 se, bare h\u00f8yt der oppe maler et fly en fin, hvit kondensstripe p\u00e5 den bl\u00e5 himmelen som snart fordamper med flyet p\u00e5 god avstand. Ingen vet hvor flyet er p\u00e5 vei. Ingen? Nei, slett ingen. Med tilbudet om Flightradar24 kan du vite n\u00f8yaktig <strong>hvor <a href=\"https:\/\/www.airbus.com\" target=\"_blank\" rel=\"noopener\">Airbus<\/a>-en eller <a href=\"https:\/\/www.boeing.com\" target=\"_blank\" rel=\"noopener\">Boeing<\/a>-en er p\u00e5 vei<\/strong>. Hvis du alltid har \u00f8nsket \u00e5 vite hvordan flytrafikken ser ut over deg, den n\u00e6rmeste storbyen eller New York, er <strong>tjenesten akkurat den riktige<\/strong>. I tillegg leverer den enda mer informasjon som kan v\u00e6re nyttig for reisende, for deres p\u00e5r\u00f8rende og for ulike hobbyer.<\/p>\r\n\r\n    <h2>Fra hobby til markedsleder \u2013 fremveksten av Flightradar24<\/h2>\r\n    <div class=\"video-container-wrapper\" style=\"float: right; margin: 8px 0px 25px 25px;\">\r\n        <div class=\"youtube-player\" data-id=\"RRlrZpD_6Rg\" itemprop=\"video\" itemscope itemtype=\"http:\/\/schema.org\/VideoObject\">\r\n            <meta itemprop=\"name\" content=\"Flightradar24: The Go-To Source for Plane Tracking\" \/>\r\n            <meta itemprop=\"description\" content=\"From hobby to market leader - the origins of Flightradar24\" \/>\r\n            <meta itemprop=\"thumbnailUrl\" content=\"https:\/\/i.ytimg.com\/vi_webp\/RRlrZpD_6Rg\/hqdefault.webp\" \/>\r\n            <meta itemprop=\"uploadDate\" content=\"2015-08-26T19:07:00+02:00\" \/>\r\n            <meta itemprop=\"duration\" content=\"PT0H5M13S\" \/>\r\n            <meta itemprop=\"embedUrl\" content=\"https:\/\/www.youtube.com\/embed\/RRlrZpD_6Rg\" \/>\r\n        <\/div>\r\n    <\/div>\r\n    <p style=\"text-align: justify;\">Er du interessert i det som <strong>skjer p\u00e5 himmelen over deg<\/strong>? Da er du ikke annerledes enn <strong>to svensker<\/strong>som betegner seg som flyentusiaster. De ville ogs\u00e5 gjerne vite hvilke maskiner som fl\u00f8y over hodene deres og hvor de ukjente flyobjektene var p\u00e5 vei. Denne informasjonen ble imidlertid nektet dem. Det de likevel visste var at <strong>ethvert fly er utstyrt med en transponder<\/strong>, som overf\u00f8rer data som <strong>flyhastighet, flyrute<\/strong> og den aktuelle <strong>h\u00f8yden<\/strong>.<\/p>\r\n    <p style=\"text-align: justify;\">De fleste flyselskaper bruker den s\u00e5kalte <strong>ADS-B-teknologien<\/strong>, en forkortelse for \u201eAutomatic Dependent Surveillance-Broadcast&raquo;. Den informasjonen som slik ble delt ville svenskene gjerne benytte til \u00e5 sette planen sin ut i livet. Dermed var ideen til <a href=\"https:\/\/flightradar.live\/no\/\" target=\"_blank\" rel=\"noopener\">Flightradar24<\/a> f\u00f8dt.<\/p>\r\n\r\n    <!-- 71161633\/home_incontent_1\/home_incontent_1 -->\r\n    <div class=\"publift-not-mobile\" style=\"min-height: 90px;\" data-fuse=\"22846376758\"><\/div>\r\n    <!-- 71161633\/home_incontent_2\/home_incontent_2 -->\r\n    <div class=\"publift-not-desktop\" style=\"min-height: 90px;\" data-fuse=\"22846376959\"><\/div>\r\n\r\n    <h3>Teknologien bak Flightradar24<\/h3>\r\n    <p style=\"text-align: justify;\">Implementeringen h\u00f8res enkel ut, men krevde likevel stor innsats. I 2006 begynte grunnleggerne av <a href=\"https:\/\/flightradar.live\/no\/flightradar24\/\" target=\"_blank\" rel=\"noopener\">Flightradar24<\/a> \u00e5 sette opp ADS-B-mottakere i Europa, senere <strong>over hele verden<\/strong>. Dermed hadde de tilgang til de <strong>ukrypterte dataene som sendes<\/strong> av mange fly. Den innkommende informasjonen ble overf\u00f8rt <strong>direkte p\u00e5 Internett<\/strong> uog vist p\u00e5 siden til Flightradar24. Slik fungerer tjenesten enda i dag. Navnet er dermed litt misvisende for den anvendte teknikken har ingenting til felles med en <a href=\"https:\/\/flightradar.live\/en\/flight-radar\/\" target=\"_blank\" rel=\"noopener\">Flugradar<\/a> i egentlig forstand.<\/p>\r\n    <p style=\"text-align: justify;\">Radar brukes vanligvis av flyplasser og milit\u00e6re rekognoseringsanlegg til \u00e5 aktivt spore flyvende objekter. Dermed kan man ogs\u00e5 oppdage flymaskiner som ikke sender ut noen signaler selv. Resultatet er imidlertid veldig likt og derfor er navnet Flightradar24 likevel ganske passende: <strong>Alle registrerte flybevegelser blir framstilt p\u00e5 et kart<\/strong>.<\/p>\r\n\r\n    <h2>Hvordan fungerer Flightradar24?<\/h2>\r\n    <p style=\"text-align: justify;\">Hvis du vil hente dataen fra Flightradar24 trenger du bare en<strong> internett-tilkobling og en enhet for \u00e5 motta dem<\/strong>. Tjenesten kan n\u00e5s b\u00e5de via en PC eller b\u00e6rbar PC, s\u00e5 vel som p\u00e5 nettbrett eller smarttelefon, for mobile enheter finnes det til og med en egen app. Den eneste forutsetningen er at Java og Flash er aktivert i nettleseren, disse er n\u00f8dvendige for framstillingen av det interaktive kartet.<\/p>\r\n\r\n    <h3>Det f\u00f8rste blikk p\u00e5 lufttrafikken<\/h3>\r\n    <p style=\"text-align: justify;\">Hvis alle forutsetninger er oppfylt, vises ved direkte tilkobling et kartutsnitt med tallrike gule symboler, som hver representerer et fly eller et helikopter i luften. Det som ved f\u00f8rste \u00f8yekast ser ut som en <strong>kaotisk maurtue<\/strong> , er faktisk den n\u00e5v\u00e6rende flytrafikken over Europa, Tyskland eller Amerika. Hvilken region som vises, avhenger av det forh\u00e5ndsinnstilte kartutsnittet. N\u00e5r du er klar, kan den egentlige flysporingen begynne.<\/p>\r\n\r\n\t    <!-- 71161633\/home_incontent_2\/home_incontent_2 -->\r\n\t\t<div class=\"publift-not-mobile\" style=\"min-height: 90px;\" data-fuse=\"22846376959\"><\/div>\r\n\t\t<!-- 71161633\/home_incontent_3\/home_incontent_3 -->\r\n\t\t<div class=\"publift-not-desktop\" style=\"min-height: 90px;\" data-fuse=\"22846376767\"><\/div>\r\n\r\n    <h2>Hvordan betjener man Flightradar24?<\/h2>\r\n    <div class=\"video-container-wrapper\" style=\"float: right; margin: 8px 0px 25px 25px;\">\r\n        <div class=\"youtube-player\" data-id=\"DAK5iiY5Drs\" itemprop=\"video\" itemscope itemtype=\"http:\/\/schema.org\/VideoObject\">\r\n            <meta itemprop=\"name\" content=\"How to use the Flight Tracker on flightradar.live\" \/>\r\n            <meta itemprop=\"description\" content=\"How to use the flight radar on flightradar.live is shown here in a simple and understandable way.\" \/>\r\n            <meta itemprop=\"thumbnailUrl\" content=\"https:\/\/i.ytimg.com\/vi_webp\/DAK5iiY5Drs\/hqdefault.webp\" \/>\r\n            <meta itemprop=\"uploadDate\" content=\"2019-03-31T07:49:02+02:00\" \/>\r\n            <meta itemprop=\"duration\" content=\"PT0H5M13S\" \/>\r\n            <meta itemprop=\"embedUrl\" content=\"https:\/\/www.youtube.com\/embed\/DAK5iiY5Drs\" \/>\r\n        <\/div>\r\n    <\/div>\r\n    <p style=\"text-align: justify;\">Betjeningen av Flightradar24 er relativt <strong>enkel<\/strong>. Likevel finnes det <strong>forskjellige muligheter for kontroll<\/strong> som du trinnvis b\u00f8r gj\u00f8re deg kjent med. Senere kan du navigere deg sikkert gjennom programmet uten problemer.<\/p>\r\n\r\n    <h3>Skalere og forskyve kartene<\/h3>\r\n    <p style=\"text-align: justify;\">For \u00e5 gi deg oversikt og gj\u00f8re deg kjent med navigasjonen, b\u00f8r du f\u00f8rst skalere det valgte kartutsnittet. Som hovedregel er startbildet et utsnitt av luftrommet i et ganske bredt omr\u00e5de rundt din beliggenhet. Ved \u00e5 klikke p\u00e5 &laquo;forst\u00f8rrelsesbryteren&raquo;, som er representert <strong>med et plusstegn, blir utsnittet forminsket<\/strong>. Som resultat avtar antall viste fly, og du har allerede et mye mer oversiktlig bilde. Hvis du bruker Flightradar24 med en mobil enhet kan du <strong>som vanlig zoome inn via ber\u00f8ringsfeltet<\/strong>.<\/p>\r\n    <p style=\"text-align: justify;\">For \u00e5 flytte kartutsnittet mot nord, s\u00f8r, vest eller \u00f8st, holder du bildet med musen eller p\u00e5 ber\u00f8ringsskjermen og flytter det tilsvarende. N\u00e5 har du tilpasset kartet etter ditt \u00f8nske for den individuelle flysporingen.<\/p>\r\n\r\n    <h3>Hente flydata<\/h3>\r\n    <p style=\"text-align: justify;\">For \u00e5 hente informasjonen om et fly, trenger du bare \u00e5 klikke p\u00e5 det tilsvarende ikonet p\u00e5 det interaktive kartet for Flightradar24. Da \u00e5pnes det et informasjonsvindu, der du kan hente ut mange <strong>interessante fakta<\/strong>. Der kan man umiddelbart se hvilke byer flyet er p\u00e5 vei mellom. P\u00e5 samme m\u00e5te vises <strong>flyselskapet<\/strong>, <strong>flytypen<\/strong> og <strong>betegnelsen<\/strong>. Litt lenger ned f\u00f8lger <strong>informasjon<\/strong> i sanntid om hastighet, h\u00f8yde og ankomsttid p\u00e5 destinasjonsflyplassen. For mange flytyper finnes det dessuten et bilde som er f\u00f8yd inn av flyentusiaster. Ved god sikt kan du gjenkjenne enkelte elementer fra bakken, som r\u00f8d hale eller lakkerte reklamestriper.<\/p>\r\n\r\n\t    <!-- 71161633\/home_incontent_3\/home_incontent_3 -->\r\n\t\t<div class=\"publift-not-mobile\" style=\"min-height: 90px;\" data-fuse=\"22846376767\"><\/div>\r\n\t\t<!-- 71161633\/home_incontent_4\/home_incontent_4 -->\r\n\t\t<div class=\"publift-not-desktop\" style=\"min-height: 90px;\" data-fuse=\"22846376971\"><\/div>\r\n\r\n    <h3>M\u00e5lrettede s\u00f8k etter flyplasser og regioner<\/h3>\r\n    <img loading=\"lazy\" style=\"float: left; margin: 6px 25px 25px 0px;\" src=\"https:\/\/flightradar.live\/wp-content\/uploads\/2019\/10\/Flightradar24-1min-e1570739723715.jpg\" alt=\"Airplane in flight in sunset\" width=\"430\" height=\"282\" \/>\r\n    <p style=\"text-align: justify;\">Hvis du er interessert i hvilke fly som for tiden er underveis i din region, har du mulighet til \u00e5 <strong>s\u00f8ke m\u00e5lrettet etter flyplasser<\/strong>. Det kan du gj\u00f8re ved \u00e5 angi det tilsvarende navnet i s\u00f8kefeltet, og straks blir kartutsnittet p\u00e5 Flightradar24 tilsvarende oppdatert. Hvis byen din ikke dukker opp, m\u00e5 du justere kartet litt mer. Hvis du stiller inn kartutsnittet p\u00e5 en radius fra noen f\u00e5 kilometer rundt oppholdsstedet ditt, kan du faktisk spore <strong>nesten alle sivile fly p\u00e5 himmelen<\/strong> over deg.<\/p>\r\n\r\n    <h3>Spore utvalgte fly<\/h3>\r\n    <p style=\"text-align: justify;\">Hadde du i stedet \u00f8nsket \u00e5 vite hvor et bestemt fly befinner seg for \u00f8yeblikket, fordi slektninger eller bekjente flyr bort fra deg? Det er ogs\u00e5 mulig p\u00e5 Flightradar24. Da kan du i stedet for en flyplass oppgi den tilsvarende flybetegnelsen i s\u00f8ket. Hvis en tilsvarende flymaskin er p\u00e5 vei, vil den bli fokusert p\u00e5 skjermen din, og du <strong>vil f\u00e5 all aktuell, tilgjengelig informasjon<\/strong>.<\/p>\r\n\r\n    <h2>Hvor blir teknologien ellers benyttet?<\/h2>\r\n    <p style=\"text-align: justify;\">Teknologien som brukes av Flightradar24 er <strong>ikke bare begrenset til fly<\/strong>. <strong>Andre transportmidler<\/strong> bruker ogs\u00e5 transpondere til \u00e5 formidle posisjonen sin. Ved siden av flyradar er den s\u00e5kalte <strong><a href=\"https:\/\/shiptracker.live\/\" target=\"_blank\" rel=\"noopener\">skipsradaren<\/a><\/strong> spesielt opplysende. Passasjerskip, containerskip og ferjer formidler dermed tilsvarende informasjon \u2013 selvsagt mangler flyh\u00f8yden og ogs\u00e5 hastigheten skiller seg tydelig fra standarden i flytrafikken. Ellers fungerer teknologien analogt.\r\n    <\/p>\r\n    <p style=\"text-align: justify;\">For jernbanetrafikk er det <a href=\"https:\/\/zugradar.info\/\" target=\"_blank\" rel=\"noopener\"><strong>togradar<\/strong><\/a>. Imidlertid brukes en annen teknologi her. Offentlig tilgjengelige datakilder fra jernbanene brukes ofte til togradar. Togets posisjon er vist p\u00e5 et kart basert p\u00e5 disse rutetabelldataene. Dette har den ulempen at radaren ikke viser informasjon i sanntid. Det er imidlertid noen f\u00e5 GPS-baserte tilbud, men disse er i mindretall.<\/p>\r\n\r\n\r\n    <h2>Hvem er interessert i Flightradar?<\/h2>\r\n    <p style=\"text-align: justify;\">Tilbudet om Flightradar24 retter seg framfor alt mot <strong>tre store grupper av interessenter<\/strong>: Flyentusiaster, hobbyister og flypassasjerer og deres p\u00e5r\u00f8rende. I utgangspunktet st\u00e5r tjenesten gratis til disposisjon for hvem som helst som er interessert i den publiserte informasjonen.<\/p>\r\n\r\n    <h3>Hente t\u00e5rnet hjem<\/h3>\r\n    <p style=\"text-align: justify;\">Folk som generelt er interessert i fly, i luftrommet og moderne luftfart er str\u00e5lende forn\u00f8yde <strong>med tilbudet om Flightradar24<\/strong>. Det som tidligere kun var mulig som en lek med simuleringsprogramvare for flyradaren, er n\u00e5 mulig <strong>p\u00e5 ordentlig og i sanntid<\/strong>: Flysporing og overv\u00e5kning av luftrommet over ens eget hus. Hvis du vil kan du n\u00e5r som helst sette deg selv inn i situasjonen i t\u00e5rnet <strong>uten \u00e5 m\u00e5tte ta ansvaret selv<\/strong>. Flyentusiaster som allerede har etterforsket interessant informasjon har leilighetsvis blitt sp\u00f8kefullt omtalt som \u201cflyt\u00e5per\u201d. Slik kan man p\u00e5 flyradaren til Flightradar24 umiddelbart oppdage det n\u00e5r flyselskaper, for eksempel p\u00e5 grunn av uv\u00e6r eller andre hendelser, endrer rutene sine.<\/p>\r\n\r\n    <!-- 71161633\/home_incontent_4\/home_incontent_4 -->\r\n    <div class=\"publift-not-mobile\" style=\"min-height: 90px;\" data-fuse=\"22846376971\"><\/div>\r\n    <!-- 71161633\/home_incontent_5\/home_incontent_5 -->\r\n    <div class=\"publift-not-desktop\" style=\"min-height: 90px;\" data-fuse=\"22846376974\"><\/div>\r\n\r\n    <h3>Flightradar24 for flyspottere og droneflygere<\/h3>\r\n    <div class=\"video-container-wrapper\" style=\"float: right; margin: 6px 0px 25px 25px;\">\r\n        <div class=\"youtube-player\" data-id=\"mTDeruDCvAY\" itemprop=\"video\" itemscope itemtype=\"http:\/\/schema.org\/VideoObject\">\r\n            <meta itemprop=\"name\" content=\"Higher, Further, Crash - Epic Drone fails II\" \/>\r\n            <meta itemprop=\"description\" content=\"Here you can see a compilation of the biggest drone mishaps\" \/>\r\n            <meta itemprop=\"thumbnailUrl\" content=\"https:\/\/i.ytimg.com\/vi_webp\/mTDeruDCvAY\/hqdefault.webp\" \/>\r\n            <meta itemprop=\"uploadDate\" content=\"2020-12-31T09:22:30+02:00\" \/>\r\n            <meta itemprop=\"duration\" content=\"PT0H10M16S\" \/>\r\n            <meta itemprop=\"embedUrl\" content=\"https:\/\/www.youtube.com\/embed\/mTDeruDCvAY\" \/>\r\n        <\/div>\r\n    <\/div>\r\n    <p style=\"text-align: justify;\">N\u00e5r det gjelder hobbybruk er det s\u00e6rlig to grupper som har nytte av Flightradar24: <strong>Flyspottere<\/strong> og <strong>dronepiloter<\/strong>. De f\u00f8rstnevnte leter alltid etter et unikt fotografi av spesielle maskiner p\u00e5 bakken, i luften og under innflyging eller ved landing. Kanskje deler du denne entusiasmen for flysporing?<\/p>\r\n    <p style=\"text-align: justify;\">Takket v\u00e6re Flightradar24 trenger du <strong>ikke lenger st\u00e5 timevis i regn<\/strong>, n\u00e5r et fly utenom det vanlige skal lande i ditt n\u00e6romr\u00e5de. Ved hjelp av flysporingen vil du v\u00e6re godt informert om<strong>n\u00e5r flyet kommer<\/strong>. Ofte er det p\u00e5 denne m\u00e5ten sjeldne maskiner i det hele tatt blir oppdaget. Hvis du i stedet for dette heller foretrekker \u00e5 selv ta av med en drone, er Flightradar24 uansett <strong>en sv\u00e6rt nyttig tjeneste<\/strong>. Du finner straks ut om luftrommet over deg er ledig eller om du m\u00e5 regne med forstyrrelser p\u00e5 grunn av lufttrafikken. <strong>Spesielt interessant for alle hobbyister er appen <\/strong> som gir tilgang til alle data mens du er p\u00e5 farten.<\/p>\r\n\r\n\r\n    <h3>N\u00e5r kommer familien hjem?<\/h3>\r\n    <img loading=\"lazy\" style=\"float: left; margin: 6px 25px 15px 0px;\" src=\"https:\/\/flightradar.live\/wp-content\/uploads\/2019\/10\/photo-1562368370-cff10978a647-1024x683min-e1570740394195.jpg\" alt=\"Emirates approach to Hamburg\" width=\"430\" height=\"286\" \/>\r\n    <p style=\"text-align: justify;\">Flightradar24 er sv\u00e6rt nyttig for alle flyreisende og deres p\u00e5r\u00f8rende. De sistnevnte kan komfortabelt skaffe seg informasjon p\u00e5 sin egen billedskjerm om at alt er i orden i luften. P\u00e5 samme m\u00e5te vises alle aktuelle forsinkelser. Hvis du skal hente slektninger eller bekjente<strong>p\u00e5 flyplassen<\/strong>, forteller Flightradar24 deg p\u00e5 minuttet <strong>n\u00e5r du m\u00e5 dra<\/strong>.<\/p>\r\n    <p style=\"text-align: justify;\">I tillegg til den beroligende sikkerheten for de p\u00e5r\u00f8rende som er igjen p\u00e5 bakken, er tjenesten ikke minst ogs\u00e5 interessant for alle som er ute og reiser. Den informasjonen om forsinkelser som publiseres av Flightradar24 er mer n\u00f8yaktig og hovedsakelig mer oppdatert enn opplysningene p\u00e5 flyplassen.<\/p>\r\n\r\n<\/div>\r\n\r\n<!-- 71161633\/home_incontent_5\/home_incontent_5 -->\r\n<div class=\"publift-not-mobile\" style=\"min-height: 90px;display: block;\" data-fuse=\"22846376974\"><\/div>\r\n\r\n<img loading=\"lazy\" src=\"https:\/\/vg06.met.vgwort.de\/na\/2c3f840de4b34d898415a3d48afe8c8b\" width=\"1\" height=\"1\" alt=\"flightradar.live\/no\/\">\r\n\r\n<script type=\"application\/ld+json\">\r\n        {\r\n          \"@context\": \"https:\/\/schema.org\",\r\n          \"@type\": \"FAQPage\",\r\n          \"mainEntity\": [{\r\n            \"@type\": \"Question\",\r\n            \"name\": \"Hvordan fungerer Flightradar24?\",\r\n            \"acceptedAnswer\": {\r\n              \"@type\": \"Answer\",\r\n              \"text\": \"Hvis du vil hente dataen fra <a href=\u2019https:\/\/flightradar.live\/no\/\u2019>Flightradar24<\/a> trenger du bare en internett-tilkobling og en enhet for \u00e5 motta dem. Tjenesten kan n\u00e5s b\u00e5de via en PC eller b\u00e6rbar PC, s\u00e5 vel som p\u00e5 nettbrett eller smarttelefon, for mobile enheter finnes det til og med en egen app. Den eneste forutsetningen er at Java og Flash er aktivert i nettleseren, disse er n\u00f8dvendige for framstillingen av det interaktive kartet.\"\r\n            }\r\n          }, {\r\n            \"@type\": \"Question\",\r\n            \"name\": \"Hvordan betjener man Flightradar24?\",\r\n            \"acceptedAnswer\": {\r\n              \"@type\": \"Answer\",\r\n              \"text\": \"Betjeningen av <a href=\u2019https:\/\/flightradar.live\/no\/\u2019>Flightradar24<\/a> er relativt enkel. Likevel finnes det forskjellige muligheter for kontroll som du trinnvis b\u00f8r gj\u00f8re deg kjent med. Senere kan du navigere deg sikkert gjennom programmet uten problemer.\"\r\n            }\r\n          }, {\r\n            \"@type\": \"Question\",\r\n            \"name\": \"Hvor blir teknologien ellers benyttet?\",\r\n            \"acceptedAnswer\": {\r\n              \"@type\": \"Answer\",\r\n              \"text\": \"Teknologien som brukes av <a href=\u2019https:\/\/flightradar.live\/no\/\u2019>Flightradar24<\/a> er ikke bare begrenset til fly. Andre transportmidler bruker ogs\u00e5 transpondere til \u00e5 formidle posisjonen sin. Ved siden av flyradar er den s\u00e5kalte skipsradaren spesielt opplysende. Passasjerskip, containerskip og ferjer formidler dermed tilsvarende informasjon \u2013 selvsagt mangler flyh\u00f8yden og ogs\u00e5 hastigheten skiller seg tydelig fra standarden i flytrafikken. Ellers fungerer teknologien analogt.\"\r\n            }\r\n          }, {\r\n            \"@type\": \"Question\",\r\n            \"name\": \"Hvem er interessert i Flightradar?\",\r\n            \"acceptedAnswer\": {\r\n              \"@type\": \"Answer\",\r\n              \"text\":\"Tilbudet om <a href=\u2019https:\/\/flightradar.live\/no\/\u2019>Flightradar24<\/a> retter seg framfor alt mot tre store grupper av interessenter: Flyentusiaster, hobbyister og flypassasjerer og deres p\u00e5r\u00f8rende. I utgangspunktet st\u00e5r tjenesten gratis til disposisjon for hvem som helst som er interessert i den publiserte informasjonen.\"\r\n          }\r\n            }]\r\n          }\r\n        <\/script>\r\n\r\n","protected":false},"excerpt":{"rendered":"<p>S T A R T Flightradar24 &#8211; flyradar til sporing av fly i sanntid Solen skinner, ingen skyer er \u00e5<\/p>\n","protected":false},"author":1,"featured_media":0,"parent":0,"menu_order":1,"comment_status":"closed","ping_status":"closed","template":"","meta":[],"_links":{"self":[{"href":"https:\/\/flightradar.live\/no\/wp-json\/wp\/v2\/pages\/258215"}],"collection":[{"href":"https:\/\/flightradar.live\/no\/wp-json\/wp\/v2\/pages"}],"about":[{"href":"https:\/\/flightradar.live\/no\/wp-json\/wp\/v2\/types\/page"}],"author":[{"embeddable":true,"href":"https:\/\/flightradar.live\/no\/wp-json\/wp\/v2\/users\/1"}],"replies":[{"embeddable":true,"href":"https:\/\/flightradar.live\/no\/wp-json\/wp\/v2\/comments?post=258215"}],"version-history":[{"count":1,"href":"https:\/\/flightradar.live\/no\/wp-json\/wp\/v2\/pages\/258215\/revisions"}],"predecessor-version":[{"id":314140,"href":"https:\/\/flightradar.live\/no\/wp-json\/wp\/v2\/pages\/258215\/revisions\/314140"}],"wp:attachment":[{"href":"https:\/\/flightradar.live\/no\/wp-json\/wp\/v2\/media?parent=258215"}],"curies":[{"name":"wp","href":"https:\/\/api.w.org\/{rel}","templated":true}]}}