{"id":10355,"date":"2017-09-14T21:03:40","date_gmt":"2017-09-14T19:03:40","guid":{"rendered":"https:\/\/flightradar.live\/flightradar24\/"},"modified":"2023-01-08T00:37:12","modified_gmt":"2023-01-07T23:37:12","slug":"flightradar24","status":"publish","type":"page","link":"https:\/\/flightradar.live\/it\/","title":{"rendered":"Flightradar24"},"content":{"rendered":"\r\n\r\n<script src=\"\/js\/flightradar.js\" async><\/script>\r\n<script src=\"\/js\/youtubelazyload.js\" ><\/script>\r\n<link rel=\"preconnect\" href=\"https:\/\/www.radarbox24.com\">\r\n\r\n<style>\r\n    \/*---flightradar map Desktop - full width---*\/\r\n    @media only screen and (min-width: 769px) {\r\n        .flightadar-mapsize {\r\n            margin-left: calc(50% - 50vw) !important;\r\n            margin-right: calc(50% - 50vw) !important;\r\n            max-width: unset !important;\r\n        }\r\n    }\r\n\r\n    @media only screen and (max-width: 768px) {\r\n        .flightradar-list ul {\r\n            padding: 0 0 0 0px !important;\r\n            margin: 0 0 15px 0px !important;\r\n        }\r\n\r\n        .flightradar-list li {\r\n            padding: 10px 0px !important;\r\n        }\r\n    }\r\n\r\n    .container {\r\n        overflow: hidden !important;\r\n        height: 350px !important;\r\n        width: 100%;\r\n        background-image: url(https:\/\/flightradar.live\/wp-content\/uploads\/2021\/11\/flightradar-placeholder.webp);\r\n        background-position: center center;\r\n        background-repeat: no-repeat;\r\n        display: flex;\r\n        justify-content: center;\r\n        align-items: center;\r\n    }\r\n\r\n    .draw {\r\n        background-image: linear-gradient(rgb(255, 255, 255, 0.01),\r\n                rgb(255, 255, 255, 0.4),\r\n                rgb(255, 255, 255, 0.6),\r\n                rgb(255, 255, 255, 0.4),\r\n                rgb(255, 255, 255, 0.01));\r\n        height: 120px;\r\n        width: 100%;\r\n        position: absolute;\r\n    }\r\n\r\n    .btn {\r\n        position: relative;\r\n    }\r\n\r\n    .container .btn {\r\n        background-color: #e6d250;\r\n        color: #000;\r\n        font-weight: 700;\r\n        font-size: 18px;\r\n        padding: 24px 48px;\r\n        border: none;\r\n        cursor: pointer;\r\n        border-radius: 5px;\r\n    }\r\n\r\n    .container .btn:hover {\r\n        background-color: #b5a21a;\r\n    }\r\n\r\n    #showhere {\r\n        background: white;\r\n        overflow: hidden;\r\n    }\r\n\r\n    .buch-wrapper {\r\n        display: flex;\r\n        gap: 20px 50px;\r\n        \/* row-gap column gap *\/\r\n        flex-direction: row;\r\n        column-gap: 50px;\r\n        margin: 30px 0px;\r\n        flex-wrap: nowrap;\r\n        justify-content: space-between;\r\n\r\n    }\r\n\r\n    .buch-img {\r\n        display: flex;\r\n        min-width: 300px;\r\n        justify-content: center;\r\n        align-items: center;\r\n    }\r\n\r\n\r\n    @media only screen and (max-width: 768px) {\r\n        .buch-wrapper {\r\n            flex-wrap: wrap;\r\n            justify-content: center;\r\n        }\r\n    }\r\n\t\r\n    @media only screen and (max-width: 768px) {\r\n        .publift-not-mobile {\r\n            display: none;\r\n        }\r\n    }\r\n\r\n    @media only screen and (min-width: 769px) {\r\n        .publift-not-desktop {\r\n            display: none;\r\n        }\r\n    }\r\n<\/style>\r\n\r\n<style>\r\n    .youtube-player {\r\n        position: relative;\r\n        padding-bottom: 56.25%;\r\n        height: 0;\r\n        overflow: hidden;\r\n        max-width: 100%;\r\n        background: #000;\r\n        margin: 0px;\r\n    }\r\n\r\n    .youtube-player iframe {\r\n        position: absolute;\r\n        top: 0;\r\n        left: 0;\r\n        width: 100%;\r\n        height: 100%;\r\n        z-index: 100;\r\n        background: transparent;\r\n    }\r\n\r\n    .youtube-player img {\r\n        object-fit: cover;\r\n        display: block;\r\n        left: 0;\r\n        bottom: 0;\r\n        margin: auto;\r\n        max-width: 100%;\r\n        width: 100%;\r\n        position: absolute;\r\n        right: 0;\r\n        top: 0;\r\n        border: none;\r\n        height: auto;\r\n        cursor: pointer;\r\n        -webkit-transition: 0.4s all;\r\n        -moz-transition: 0.4s all;\r\n        transition: 0.4s all;\r\n    }\r\n\r\n    .youtube-player img:hover {\r\n        -webkit-filter: brightness(75%);\r\n        -moz-filter: brightness(75%);\r\n        filter: brightness(75%);\r\n    }\r\n\r\n    .youtube-player .play {\r\n        height: 72px;\r\n        width: 72px;\r\n        left: 50%;\r\n        top: 50%;\r\n        margin-left: -36px;\r\n        margin-top: -36px;\r\n        position: absolute;\r\n        background: url(\"https:\/\/upload.wikimedia.org\/wikipedia\/commons\/b\/b8\/YouTube_play_button_icon_(2013%E2%80%932017).svg\") no-repeat;\r\n        cursor: pointer;\r\n    }\r\n<\/style>\r\n\r\n<!-- 71161633\/home_header\/home_header -->\r\n<div class=\"publift-not-desktop\" style=\"min-height: 250px;\" data-fuse=\"22846376962\"><\/div>\r\n\r\n<div id=\"flightradar-wrapper\">\r\n    <div class=\"flightadar-mapsize\" style=\"margin:15px 0;\">\r\n        <div id=\"showhere\"><\/div>\r\n        <div class=\"container\" id=\"framesize\">\r\n            <div class=\"draw\"><\/div>\r\n            <div class=\"btn radar-btn\" id=\"showradar\" rel=\"nofollow\">S T A R T<\/div>\r\n        <\/div>\r\n    <\/div>\r\n<\/div>\r\n\r\n<!-- 71161633\/home_header\/home_header -->\r\n<div class=\"publift-not-mobile\" style=\"min-height: 250px;\" data-fuse=\"22846376962\"><\/div>\r\n<!-- 71161633\/home_incontent_1\/home_incontent_1 -->\r\n<div class=\"publift-not-desktop\" style=\"min-height: 90px;\" data-fuse=\"22846376758\"><\/div>\r\n\r\n<div class=\"main-text\">\r\n    <h1>Sempre all\u2019altezza: il rilevamento dei voli di Flightradar24<\/h1>\r\n    <p style=\"text-align: justify;\">Il sole splende, non ci sono nuvole, solo lass\u00f9 in alto un aeroplano disegna una sottile linea bianca di condensa nel cielo blu che presto scompare in lontananza insieme al velivolo. Nessuno sa dove sta andando quell\u2019aereo. Nessuno? Non \u00e8 vero. Con l\u2019offerta di Flightradar24 anche tu puoi sapere esattamente dove <strong>volano quell\u2019<a href=\"http:\/\/www.airbus.com\" target=\"_blank\" rel=\"noopener\">Airbus<\/a> o quel <a href=\"http:\/\/www.boeing.com\" target=\"_blank\" rel=\"noopener\">Boeing<\/a> fliegt<\/strong>. Se hai sempre voluto sapere com\u2019\u00e8 il traffico aereo sopra la tua testa, sopra la metropoli pi\u00f9 vicina o su New York, <strong>questo \u00e8 il servizio che fa per te<\/strong>. Fornisce inoltre altre informazioni che possono essere utili per i viaggiatori, i loro familiari e i loro hobby.<\/p>\r\n\r\n    <h2>Da passatempo a leader del mercato: la nascita di Flightradar24<\/h2>\r\n    <div class=\"video-container-wrapper\" style=\"float: right; margin: 8px 0px 25px 25px;\">\r\n        <div class=\"youtube-player\" data-id=\"RRlrZpD_6Rg\" itemprop=\"video\" itemscope itemtype=\"http:\/\/schema.org\/VideoObject\">\r\n            <meta itemprop=\"name\" content=\"Flightradar24: The Go-To Source for Plane Tracking\" \/>\r\n            <meta itemprop=\"description\" content=\"From hobby to market leader - the origins of Flightradar24\" \/>\r\n            <meta itemprop=\"thumbnailUrl\" content=\"https:\/\/i.ytimg.com\/vi_webp\/RRlrZpD_6Rg\/hqdefault.webp\" \/>\r\n            <meta itemprop=\"uploadDate\" content=\"2015-08-26T19:07:00+02:00\" \/>\r\n            <meta itemprop=\"duration\" content=\"PT0H5M13S\" \/>\r\n            <meta itemprop=\"embedUrl\" content=\"https:\/\/www.youtube.com\/embed\/RRlrZpD_6Rg\" \/>\r\n        <\/div>\r\n    <\/div>\r\n    <p style=\"text-align: justify;\">Ti interessa cosa <strong>succede nel cielo sopra la tua testa<\/strong>? La stessa cosa \u00e8 successa a <strong>due svedesi<\/strong> che si autodefiniscono appassionati di volo. Anche loro volevano sapere quali velivoli volavano sopra le loro teste e dove si dirigevano questi oggetti volanti non identificati. Ma l\u2019accesso a queste informazioni restava loro precluso. Ma loro sapevano che <strong>ogni velivolo \u00e8 dotato di un transponder<\/strong> attraverso il quale vengono trasmessi i dati quali <strong>velocit\u00e0, rotta di volo<\/strong> e <strong>altitudine<\/strong> attuale.<\/p>\r\n    <p style=\"text-align: justify;\">La maggior parte delle compagnie aeree utilizza la cosiddetta <strong>tecnica ADS-B<\/strong>, abbreviazione di \u201cAutomatic Dependent Surveillance-Broadcast\u201d. Gli svedesi volevano utilizzare le informazioni condivise tramite questa tecnologia per realizzare il loro progetto. Cos\u00ec \u00e8 nata l\u2019idea di <a href=\"https:\/\/flightradar.live\/it\/\" target=\"_blank\" rel=\"noopener\">Flightradar24<\/a><\/p>\r\n\r\n    <!-- 71161633\/home_incontent_1\/home_incontent_1 -->\r\n    <div class=\"publift-not-mobile\" style=\"min-height: 90px;\" data-fuse=\"22846376758\"><\/div>\r\n    <!-- 71161633\/home_incontent_2\/home_incontent_2 -->\r\n    <div class=\"publift-not-desktop\" style=\"min-height: 90px;\" data-fuse=\"22846376959\"><\/div>\r\n\r\n    <h3>La tecnologia dietro Flightradar24<\/h3>\r\n    <p style=\"text-align: justify;\">La realizzazione sembra semplice, ma ha richiesto grandi sforzi. Nel 2006 i fondatori di Flightradar24 iniziarono a posizionare ricevitori ADS-B prima in Europa, poi <strong>in tutto il mondo<\/strong>. In questo modo, avevano accesso ai <strong>dati non criptati trasmessi<\/strong> da molti velivoli. Le informazioni ricevute venivano <strong>trasmesse direttamente su Internet<\/strong> sulla pagina web di Flightradar24. Il servizio funziona cos\u00ec ancora oggi. Il nome \u00e8 tuttavia un po\u2019 fuorviante, perch\u00e9 in realt\u00e0 la tecnica utilizzata non ha niente a che vedere con un radar aereo.<\/p>\r\n    <p style=\"text-align: justify;\">Normalmente il radar \u00e8 utilizzato dagli aeroporti e dalle unit\u00e0 di intelligence militare per localizzare attivamente gli oggetti in volo. In questo modo si possono rilevare anche dispositivi che non emettono nessun segnale. Il risultato \u00e8 comunque molto simile, ecco perch\u00e9 alla fin fine il nome Flightradar24 gli si adatta bene: <strong>Tutti i movimenti aerei registrati vengono visualizzati su una mappa<\/strong>.<\/p>\r\n\r\n    <h2>Come funziona Flightradar24?<\/h2>\r\n    <p style=\"text-align: justify;\">Se vuoi richiamare i dati di Flightradar24 ti servono semplicemente un <strong>collegamento Internet e un dispositivo per la ricezione<\/strong>. Il servizio pu\u00f2 essere visualizzato su un PC fisso o un portatile, un tablet o uno smartphone: per i dispositivi mobili \u00e8 inoltre disponibile un\u2019apposita app. L\u2019unico requisito \u00e8 l\u2019attivazione nel browser di Java e Flash, necessari per la visualizzazione delle mappe interattive.<\/p>\r\n\r\n    <h3>Il primo sguardo al traffico aereo<\/h3>\r\n    <p style=\"text-align: justify;\">Se sono rispettati tutti i requisiti, al momento dell\u2019apertura viene visualizzata una porzione di mappa con numerosi simboli gialli, ognuno dei quali rappresenta un velivolo in volo. Ci\u00f2 che in un primo momento appare come un disordinato e <strong>caotico formicaio<\/strong> \u00e8 in realt\u00e0 il traffico aereo attuale nei cieli di Europa, Germania o America. La regione che viene visualizzata dipende dalla porzione di mappa pre-impostata. Arrivati a questo punto puoi finalmente iniziare a seguire gli aerei.<\/p>\r\n\r\n\t    <!-- 71161633\/home_incontent_2\/home_incontent_2 -->\r\n\t\t<div class=\"publift-not-mobile\" style=\"min-height: 90px;\" data-fuse=\"22846376959\"><\/div>\r\n\t\t<!-- 71161633\/home_incontent_3\/home_incontent_3 -->\r\n\t\t<div class=\"publift-not-desktop\" style=\"min-height: 90px;\" data-fuse=\"22846376767\"><\/div>\r\n\r\n    <h2>Come si usa Flightradar24?<\/h2>\r\n    <div class=\"video-container-wrapper\" style=\"float: right; margin: 8px 0px 25px 25px;\">\r\n        <div class=\"youtube-player\" data-id=\"DAK5iiY5Drs\" itemprop=\"video\" itemscope itemtype=\"http:\/\/schema.org\/VideoObject\">\r\n            <meta itemprop=\"name\" content=\"How to use the Flight Tracker on flightradar.live\" \/>\r\n            <meta itemprop=\"description\" content=\"How to use the flight radar on flightradar.live is shown here in a simple and understandable way.\" \/>\r\n            <meta itemprop=\"thumbnailUrl\" content=\"https:\/\/i.ytimg.com\/vi_webp\/DAK5iiY5Drs\/hqdefault.webp\" \/>\r\n            <meta itemprop=\"uploadDate\" content=\"2019-03-31T07:49:02+02:00\" \/>\r\n            <meta itemprop=\"duration\" content=\"PT0H5M13S\" \/>\r\n            <meta itemprop=\"embedUrl\" content=\"https:\/\/www.youtube.com\/embed\/DAK5iiY5Drs\" \/>\r\n        <\/div>\r\n    <\/div>\r\n    <p style=\"text-align: justify;\">L\u2019utilizzo di Flightradar24 \u00e8 relativamente <strong>semplice<\/strong>. Ci sono per\u00f2 <strong>diverse possibilit\u00e0 di controllo<\/strong>con cui a poco a poco dovresti familiarizzarti. Dopodich\u00e9 riuscirai a utilizzare l\u2019intero programma con sicurezza e senza problemi.<\/p>\r\n\r\n    <h3>Zoomare e spostare la mappa<\/h3>\r\n    <p style=\"text-align: justify;\">Per farti un\u2019idea complessiva e prendere confidenza con la navigazione, puoi iniziare a zoomare la parte di mappa selezionata. Normalmente l\u2019immagine iniziale \u00e8 una porzione dello spazio aereo di un\u2019ampia zona intorno alla tua posizione. Cliccando sul \u201cpulsante di ingrandimento\u201d rappresentato da un <strong>segno + la porzione si rimpicciolisce<\/strong>. Di conseguenza diminuisce il numero dei velivoli rappresentati permettendoti cos\u00ec di avere un\u2019immagine molto pi\u00f9 chiara. Se utilizzi Flightradar24 con un dispositivo mobile lo <strong>zoom si attiva come sempre con la funzione touchscreen<\/strong>.<\/p>\r\n    <p style=\"text-align: justify;\">Per spostare la sezione della mappa verso nord, sud, ovest o est blocca l\u2019immagine con il mouse o tieni il dito premuto sullo schermo mentre la sposti. Ora hai adattato la mappa come desideravi in modo da poter seguire un singolo velivolo.<\/p>\r\n\r\n    <h3>Visualizzare i dati del velivolo<\/h3>\r\n    <p style=\"text-align: justify;\">Per poter visualizzare le informazioni su un velivolo ti basta cliccare il simbolo corrispondente sulla mappa interattiva di Flightradar24. Cos\u00ec facendo si apre una finestra che contiene tante <strong>informazioni interessanti<\/strong> Per esempio puoi subito sapere tra quali citt\u00e0 sta viaggiando il velivolo. Oltre alla <strong>compagnia aerea<\/strong>, der <strong>tipo di aereo e il numero del volo<\/strong>. Un po\u2019 sotto trovi le <strong>informazioni in tempo reale<\/strong> su velocit\u00e0, altitudine e tempo di arrivo previsto all\u2019aeroporto di destinazione. Per molti aerei c\u2019\u00e8 inoltre un\u2019immagine aggiunta dagli appassionati di volo. Se la visibilit\u00e0 \u00e8 buona, dal suolo potrai riconoscere singoli elementi come ali rosse o strisce pubblicitarie verniciate.<\/p>\r\n\r\n\t    <!-- 71161633\/home_incontent_3\/home_incontent_3 -->\r\n\t\t<div class=\"publift-not-mobile\" style=\"min-height: 90px;\" data-fuse=\"22846376767\"><\/div>\r\n\t\t<!-- 71161633\/home_incontent_4\/home_incontent_4 -->\r\n\t\t<div class=\"publift-not-desktop\" style=\"min-height: 90px;\" data-fuse=\"22846376971\"><\/div>\r\n\r\n    <h3>Ricerca mirata di aeroporti e regioni<\/h3>\r\n    <img loading=\"lazy\" style=\"float: left; margin: 6px 25px 25px 0px;\" src=\"https:\/\/flightradar.live\/wp-content\/uploads\/2019\/10\/Flightradar24-1min-e1570739723715.jpg\" alt=\"Aerei in volo al tramonto\" width=\"430\" height=\"282\" \/>\r\n    <p style=\"text-align: justify;\">Se ti interessa quali velivoli stanno volando nella tua regione, hai la possibilit\u00e0 di eseguire una <strong>ricerca mirata per aeroporto<\/strong>. Per farlo, inserisci il nome corrispondente nel campo di ricerca e la porzione di mappa su Flightradar24 viene subito aggiornata. Se la tua citt\u00e0 non compare subito, devi regolare ancora un po\u2019 la mappa. Se imposti la porzione su un raggio di pochi chilometri dalla tua posizione, puoi seguire praticamente <strong>quasi tutti i velivoli civili nel cielo<\/strong> sopra di te.<\/p>\r\n\r\n    <h3>Seguire velivoli selezionati<\/h3>\r\n    <p style=\"text-align: justify;\">Vuoi invece sapere dove si trova in un preciso momento un determinato aereo perch\u00e9 ci sta volando un tuo parente o amico? Su Flightradar24 si pu\u00f2 fare anche questo. Per farlo, anzich\u00e9 inserire nel campo di ricerca il nome di un aeroporto, inserisci il numero del volo corrispondente. Se il velivolo sta volando, viene messo a fuoco sul tuo schermo e tu <strong>ricevi tutte le informazioni disponibili al momento<\/strong>.<\/p>\r\n\r\n    <h2>In che altro modo si utilizza questa tecnologia?<\/h2>\r\n    <p style=\"text-align: justify;\">La tecnologia utilizzata da Flightradar24 <strong>non si limita agli aeroplani<\/strong>. Anche <strong>altri mezzi di trasporto<\/strong> utilizzano transponder per trasmettere la loro posizione. Oltre al radar aereo, anche il cosiddetto <strong><a href=\"https:\/\/shiptracker.live\/it\/\">radar navale<\/a><\/strong> \u00e8 particolarmente interessante. Navi da crociera, navi cargo e traghetti trasmettono le relative informazioni; ovviamente manca l\u2019altitudine e la velocit\u00e0 \u00e8 molto diversa dai parametri del traffico aereo. A parte questo, la tecnologia funziona nello stesso modo.<\/p>\r\n    <p style=\"text-align: justify;\">Per il traffico ferroviario c&#8217;\u00e8 il <a href=\"https:\/\/zugradar.info\/\" target=\"_blank\" rel=\"noopener\"><strong>radar ferroviario<\/strong><\/a>. Tuttavia, qui viene utilizzata una tecnologia diversa. Il radar dei treni spesso utilizza fonti di dati ferroviari disponibili al pubblico. La posizione dei treni viene visualizzata su una mappa utilizzando questi dati dell&#8217;orario. Questo ha lo svantaggio che il radar non visualizza informazioni in tempo reale. Occasionalmente, tuttavia, ci sono anche offerte basate sul GPS, ma queste sono in minoranza.<\/p>\r\n\r\n\r\n    <h2>A chi interessa Flightradar24?<\/h2>\r\n    <p style=\"text-align: justify;\">L\u2019offerta di Flightradar24 si rivolge prevalentemente a <strong>tre grandi gruppi di persone<\/strong>: appassionati di volo, hobbisti, passeggeri dei voli e loro famigliari. Fondamentalmente il servizio \u00e8 a disposizione gratuita di chiunque sia interessato alle informazioni pubbliche.<\/p>\r\n\r\n    <h3>Portati a casa la torre di controllo<\/h3>\r\n    <p style=\"text-align: justify;\">Le persone appassionate di aeroplani, spazio aereo e aeronautica moderna sono <strong>particolarmente felici dell\u2019offerta di Flightradar24<\/strong>. Ci\u00f2 che prima era possibile fare per gioco solo virtualmente, con un software di simulazione per radar aereo, avviene ora <strong>live and real<\/strong>: Seguire e controllare i voli nello spazio aereo sopra casa propria. Se lo desideri, per un determinato periodo puoi trasferirti nell\u2019ambiente di una torre di controllo <strong>senza dovertene assumere la responsabilit\u00e0<\/strong>. Gli appassionati dei voli aerei hanno gi\u00e0 scoperto alcune interessanti informazioni. Per esempio sul radar aereo di Flugradar24 si pu\u00f2 subito vedere se le compagnie aeree modificano le proprie rotte, per esempio a causa del maltempo o di un altro evento.<\/p>\r\n\r\n    <!-- 71161633\/home_incontent_4\/home_incontent_4 -->\r\n    <div class=\"publift-not-mobile\" style=\"min-height: 90px;\" data-fuse=\"22846376971\"><\/div>\r\n    <!-- 71161633\/home_incontent_5\/home_incontent_5 -->\r\n    <div class=\"publift-not-desktop\" style=\"min-height: 90px;\" data-fuse=\"22846376974\"><\/div>\r\n\r\n    <h3>Flightradar24 per appassionati di aerei e piloti di droni<\/h3>\r\n    <div class=\"video-container-wrapper\" style=\"float: right; margin: 6px 0px 25px 25px;\">\r\n        <div class=\"youtube-player\" data-id=\"mTDeruDCvAY\" itemprop=\"video\" itemscope itemtype=\"http:\/\/schema.org\/VideoObject\">\r\n            <meta itemprop=\"name\" content=\"Higher, Further, Crash - Epic Drone fails II\" \/>\r\n            <meta itemprop=\"description\" content=\"Here you can see a compilation of the biggest drone mishaps\" \/>\r\n            <meta itemprop=\"thumbnailUrl\" content=\"https:\/\/i.ytimg.com\/vi_webp\/mTDeruDCvAY\/hqdefault.webp\" \/>\r\n            <meta itemprop=\"uploadDate\" content=\"2020-12-31T09:22:30+02:00\" \/>\r\n            <meta itemprop=\"duration\" content=\"PT0H10M16S\" \/>\r\n            <meta itemprop=\"embedUrl\" content=\"https:\/\/www.youtube.com\/embed\/mTDeruDCvAY\" \/>\r\n        <\/div>\r\n    <\/div>\r\n    <p style=\"text-align: justify;\">In ambito hobbistico sono soprattutto due i gruppi che beneficiano di Flightradar24: gli <strong>appassionati di aeroplani<\/strong> und <strong>piloti di droni<\/strong>. I primi sono sempre alla ricerca di una foto unica di particolari velivoli a terra, nell\u2019aria o in fase di decollo e atterraggio. Forse anche tu condividi questo entusiasmo per <a href=\"https:\/\/flightradar.live\/\" target=\"_blank\" rel=\"noopener\">seguire le rotte degli aerei<\/a>?<\/p>\r\n    <p style=\"text-align: justify;\">Grazie a Flightradar24 <strong>non dovrai pi\u00f9 restare per ore sotto la pioggia<\/strong> quando un particolare velivolo deve atterrare nella tua zona. Grazie alla possibilit\u00e0 di seguire le rotte aeree ricevi tutte le informazioni per sapere <strong>quando arriver\u00e0 il velivolo<\/strong>. In questo modo, spesso si possono scoprire per primi velivoli insoliti. Se invece preferisci decollare con un drone, Flightradar24 ti offre comunque un <strong>servizio estremamente utile<\/strong>. puoi subito sapere se lo spazio aereo sopra di te \u00e8 libero o se invece devi fare i conti con compromissioni da parte del traffico aereo. <strong>L\u2019app \u00e8 sicuramente molto interessante<\/strong> per tutti gli hobbisti, e con essa \u00e8 possibile visualizzare tutti i dati mentre ci si muove.<\/p>\r\n\r\n\r\n    <h3>Quando arriva a casa la famiglia?<\/h3>\r\n    <img loading=\"lazy\" style=\"float: left; margin: 6px 25px 15px 0px;\" src=\"https:\/\/flightradar.live\/wp-content\/uploads\/2019\/10\/photo-1562368370-cff10978a647-1024x683min-e1570740394195.jpg\" alt=\"Emirates approccio finale Amburgo\" width=\"430\" height=\"286\" \/>\r\n    <p style=\"text-align: justify;\">Flightradar24 \u00e8 estremamente utile per tutti i passeggeri dei voli aerei e i loro famigliari. Questi ultimi possono sapere in tutta comodit\u00e0 da uno schermo se in aria procede tutto bene. Allo stesso modo vengono mostrati i ritardi in corso. Se devi <strong>andare a prendere all\u2019aeroporto<\/strong> andare a prendere all\u2019aeroporto <strong>quando devi partire<\/strong>. quando devi partire.<\/p>\r\n    <p style=\"text-align: justify;\">Oltre alla sicurezza rassicurante per i parenti lasciati a terra, il servizio non \u00e8 meno interessante per tutti i viaggiatori. Le informazioni sui ritardi pubblicate da Flightradar24 sono di solito pi\u00f9 accurate e molto pi\u00f9 aggiornate di quelle dell&#8217;aeroporto.<\/p>\r\n<\/div>\r\n\r\n<!-- 71161633\/home_incontent_5\/home_incontent_5 -->\r\n<div class=\"publift-not-mobile\" style=\"min-height: 90px;display: block;\" data-fuse=\"22846376974\"><\/div>\r\n\r\n<img loading=\"lazy\" src=\"https:\/\/vg06.met.vgwort.de\/na\/335862184d0b4bcbbe411314bcef458d\" width=\"1\" height=\"1\" alt=\"flightradar.live\/it\/\">\r\n\r\n<script type=\"application\/ld+json\">\r\n        {\r\n          \"@context\": \"https:\/\/schema.org\",\r\n          \"@type\": \"FAQPage\",\r\n          \"mainEntity\": [{\r\n            \"@type\": \"Question\",\r\n            \"name\": \"Come funziona Flightradar24?\",\r\n            \"acceptedAnswer\": {\r\n              \"@type\": \"Answer\",\r\n              \"text\": \"Se vuoi richiamare i dati di <a href=\u2019https:\/\/flightradar.live\/it\/\u2019>Flightradar24<\/a> ti servono semplicemente un collegamento Internet e un dispositivo per la ricezione. Il servizio pu\u00f2 essere visualizzato su un PC fisso o un portatile, un tablet o uno smartphone: per i dispositivi mobili \u00e8 inoltre disponibile un\u2019apposita app. L\u2019unico requisito \u00e8 l\u2019attivazione nel browser di Java e Flash, necessari per la visualizzazione delle mappe interattive.\"\r\n            }\r\n          }, {\r\n            \"@type\": \"Question\",\r\n            \"name\": \"Come si usa Flightradar24?\",\r\n            \"acceptedAnswer\": {\r\n              \"@type\": \"Answer\",\r\n              \"text\": \"L\u2019utilizzo di <a href=\u2019https:\/\/flightradar.live\/it\/\u2019>Flightradar24<\/a> \u00e8 relativamente semplice. Ci sono per\u00f2 diverse possibilit\u00e0 di controllocon cui a poco a poco dovresti familiarizzarti. Dopodich\u00e9 riuscirai a utilizzare l\u2019intero programma con sicurezza e senza problemi.\"\r\n            }\r\n          }, {\r\n            \"@type\": \"Question\",\r\n            \"name\": \"In che altro modo si utilizza questa tecnologia?\",\r\n            \"acceptedAnswer\": {\r\n              \"@type\": \"Answer\",\r\n              \"text\": \"La tecnologia utilizzata da <a href=\u2019https:\/\/flightradar.live\/it\/\u2019>Flightradar24<\/a> non si limita agli aeroplani. Anche altri mezzi di trasporto utilizzano transponder per trasmettere la loro posizione. Oltre al radar aereo, anche il cosiddetto radar navale \u00e8 particolarmente interessante. Navi da crociera, navi cargo e traghetti trasmettono le relative informazioni; ovviamente manca l\u2019altitudine e la velocit\u00e0 \u00e8 molto diversa dai parametri del traffico aereo. A parte questo, la tecnologia funziona nello stesso modo.\"\r\n            }\r\n          }, {\r\n            \"@type\": \"Question\",\r\n            \"name\": \"A chi interessa Flightradar24?\",\r\n            \"acceptedAnswer\": {\r\n              \"@type\": \"Answer\",\r\n              \"text\":\"L\u2019offerta di <a href=\u2019https:\/\/flightradar.live\/it\/\u2019>Flightradar24<\/a> si rivolge prevalentemente a tre grandi gruppi di persone: appassionati di volo, hobbisti, passeggeri dei voli e loro famigliari. Fondamentalmente il servizio \u00e8 a disposizione gratuita di chiunque sia interessato alle informazioni pubbliche.\"\r\n          }\r\n            }]\r\n          }\r\n        <\/script>\r\n\r\n","protected":false},"excerpt":{"rendered":"<p>S T A R T Sempre all\u2019altezza: il rilevamento dei voli di Flightradar24 Il sole splende, non ci sono nuvole,<\/p>\n","protected":false},"author":1,"featured_media":0,"parent":0,"menu_order":1,"comment_status":"closed","ping_status":"closed","template":"","meta":[],"_links":{"self":[{"href":"https:\/\/flightradar.live\/it\/wp-json\/wp\/v2\/pages\/10355"}],"collection":[{"href":"https:\/\/flightradar.live\/it\/wp-json\/wp\/v2\/pages"}],"about":[{"href":"https:\/\/flightradar.live\/it\/wp-json\/wp\/v2\/types\/page"}],"author":[{"embeddable":true,"href":"https:\/\/flightradar.live\/it\/wp-json\/wp\/v2\/users\/1"}],"replies":[{"embeddable":true,"href":"https:\/\/flightradar.live\/it\/wp-json\/wp\/v2\/comments?post=10355"}],"version-history":[{"count":2,"href":"https:\/\/flightradar.live\/it\/wp-json\/wp\/v2\/pages\/10355\/revisions"}],"predecessor-version":[{"id":314146,"href":"https:\/\/flightradar.live\/it\/wp-json\/wp\/v2\/pages\/10355\/revisions\/314146"}],"wp:attachment":[{"href":"https:\/\/flightradar.live\/it\/wp-json\/wp\/v2\/media?parent=10355"}],"curies":[{"name":"wp","href":"https:\/\/api.w.org\/{rel}","templated":true}]}}