{"id":258344,"date":"2017-10-19T21:02:54","date_gmt":"2017-10-19T19:02:54","guid":{"rendered":"https:\/\/flightradar.live\/fluege\/"},"modified":"2024-08-14T17:46:48","modified_gmt":"2024-08-14T15:46:48","slug":"vuelos","status":"publish","type":"page","link":"https:\/\/flightradar.live\/es\/vuelos\/","title":{"rendered":"Informaci\u00f3n sobre el aeropuerto: llegadas y salidas, retrasos, c\u00f3digos del aeropuerto"},"content":{"rendered":"\r\n\r\n<!-- DataTables CSS library -->\r\n<link rel=\"stylesheet\" type=\"text\/css\" href=\"https:\/\/cdn.datatables.net\/1.10.25\/css\/jquery.dataTables.min.css\" \/>\r\n\r\n<!-- jQuery library -->\r\n<script src=\"https:\/\/ajax.googleapis.com\/ajax\/libs\/jquery\/3.6.0\/jquery.min.js\"><\/script>\r\n\r\n<!-- DataTables JS library -->\r\n<script type=\"text\/javascript\" src=\"https:\/\/cdn.datatables.net\/1.10.25\/js\/jquery.dataTables.min.js\"><\/script>\r\n\r\n<!-- fontawesome JS library -->\r\n<script src=\"https:\/\/kit.fontawesome.com\/f93f953ad8.js\" crossorigin=\"anonymous\"><\/script>\r\n\r\n<script>\r\n    $(document).ready(function () {\r\n        $('#memListTable').DataTable({\r\n            \"processing\": true,\r\n            \"serverSide\": true,\r\n            \"ajax\": \"https:\/\/data.flightradar.live\/Airport_DataTables\/getData.php\",\r\n            \"responsive\": true,\r\n            \"scrollX\": true,\r\n            \"lengthChange\": false,\r\n            \"pagingType\": \"full\",\r\n            \"searchDelay\": 250,\r\n            \"pageLength\": 10,\r\n            \"language\": {\r\n                \"search\": \"\",\r\n                \"searchPlaceholder\": \"\ud83d\udd0d Buscar aeropuerto(s)...\",\r\n                \"info\": \"Mostrando _START_ a _END_ de _TOTAL_ Aeropuertos\",\r\n                \"infoEmpty\": \"Mostrando 0 a 0 de 0 Aeropuertos\",\r\n                \"infoFiltered\": \"(filtrado de un total de _MAX_ Aeropuertos)\",\r\n                \"paginate\": {\r\n                    \"first\": \"Primero\",\r\n                    \"last\": \"\u00daltimo\",\r\n                    \"next\": \"Siguiente\",\r\n                    \"previous\": \"Volver\"\r\n                },\r\n            }\r\n        });\r\n    });\r\n<\/script>\r\n\r\n<style>\r\n    .container {\r\n        padding: 0px 10px;\r\n        margin: 25px 0px;\r\n    }\r\n\r\n    div.dataTables_wrapper div.dataTables_filter {\r\n        width: 100%;\r\n        float: none;\r\n        text-align: center;\r\n        margin-bottom: 40px;\r\n    }\r\n\r\n    div.dataTables_wrapper div.dataTables_filter input {\r\n        width: 40vw;\r\n    }\r\n\r\n    @media only screen and (max-width: 768px) {\r\n        div.dataTables_wrapper div.dataTables_filter input {\r\n            width: 70vw;\r\n        }\r\n    }\r\n\r\n    td,\r\n    th {\r\n        border: 0px;\r\n    }\r\n\r\n    .dataTables_wrapper .dataTables_paginate .paginate_button:hover {\r\n        border: 1px #2196f3 !important;\r\n        background-image: radial-gradient(circle at 4% -18%, #7cd0f2, #2196f3 47%, #31a3d1) !important;\r\n    }\r\n\r\n    .dataTables_wrapper .dataTables_paginate .paginate_button.disabled,\r\n    .dataTables_wrapper .dataTables_paginate .paginate_button.disabled:hover,\r\n    .dataTables_wrapper .dataTables_paginate .paginate_button.disabled:active {\r\n        cursor: default;\r\n        color: #666 !important;\r\n        border: 1px solid transparent !important;\r\n        background: transparent !important;\r\n        box-shadow: none;\r\n    }\r\n\r\n    table.dataTable.hover tbody tr:hover,\r\n    table.dataTable.display tbody tr:hover {\r\n        background-color: rgb(33, 150, 243, .1) !important;\r\n    }\r\n<\/style>\r\n\r\n<style>\r\n    .nrow-wrapper-airport-info {\r\n        display: flex;\r\n        overflow: hidden;\r\n        width: 100%;\r\n        flex-direction: row;\r\n        text-align: center;\r\n        flex-wrap: wrap;\r\n    }\r\n\r\n    .nrow-airport-info {\r\n        overflow: hidden;\r\n        height: 100%;\r\n        flex-direction: column;\r\n        position: relative;\r\n        flex: 0 0 33.3333%;\r\n        max-width: 33.3333%;\r\n        padding: 40px 0;\r\n    }\r\n\r\n    .chalf-airport-info {\r\n        padding: 0 5%;\r\n    }\r\n\r\n    .chalf-airport-info h3 {\r\n        text-transform: uppercase;\r\n    }\r\n\r\n    .chalf-airport-info img {\r\n        height: 180px !important;\r\n        width: auto !important;\r\n        max-width: 100%;\r\n    }\r\n\r\n    @media only screen and (max-width: 768px) {\r\n        .nrow-airport-info {\r\n            flex: 0 0 100%;\r\n            max-width: 100%;\r\n            padding-bottom: 30px;\r\n        }\r\n    }\r\n\r\n    .fas-airport-info {\r\n        font-size: 48px;\r\n        margin-bottom: 10px;\r\n    }\r\n<\/style>\r\n\r\n<div style=\"line-height: 1.5; margin: 10px 0px 25px 0px;text-align: center;\">\r\n    <span style=\"color: black; font-weight:700;font-size: 2.0em;\">Informaci\u00f3n sobre el aeropuerto<\/span><br><span style=\"font-size: 1.5em;\">Llegadas y salidas, retrasos y c\u00f3digos de aeropuerto <\/span>\r\n<\/div>\r\n\r\n<style>\r\n    .responsive_quer_1 {\r\n        width: 300px;\r\n        height: 50px;\r\n    }\r\n\r\n    @media(min-width: 480px) {\r\n        .responsive_quer_1 {\r\n            width: 468px;\r\n            height: 60px;\r\n        }\r\n    }\r\n\r\n    @media(min-width: 768px) {\r\n        .responsive_quer_1 {\r\n            width: 728px;\r\n            height: 90px;\r\n        }\r\n    }\r\n<\/style>\r\n\r\n<div class=\"container\">\r\n    <table id=\"memListTable\" class=\"row-border nowrap hover\" style=\"width:100%\">\r\n        <thead>\r\n            <tr>\r\n                <th>Vuelos<\/th>\r\n                <th>IATA<\/th>\r\n                <th>Aeropuerto<\/th>\r\n                <th>Ciudad<\/th>\r\n                <th>Pa\u00eds<\/th>\r\n                <th>ICAO<\/th>\r\n            <\/tr>\r\n        <\/thead>\r\n        <tfoot>\r\n            <tr>\r\n                <th>Vuelos<\/th>\r\n                <th>IATA<\/th>\r\n                <th>Aeropuerto<\/th>\r\n                <th>Ciudad<\/th>\r\n                <th>Pa\u00eds<\/th>\r\n                <th>ICAO<\/th>\r\n            <\/tr>\r\n        <\/tfoot>\r\n    <\/table>\r\n<\/div>\r\n\r\n<div class=\"banner-1\">\r\n    <div class=\"banner-2\">\r\n        <span class=\"banner-2-span1\"><strong><span style=\"color: white;\">Informaci\u00f3n sobre aeropuertos<\/span><\/strong><\/span>\r\n        <span class=\"banner-2-span2\"><strong><span style=\"color: white;\">Encuentre m\u00e1s de 8.500 aeropuertos con c\u00f3digo de aeropuerto, ciudad y pa\u00eds<\/span><\/strong><\/span>\r\n    <\/div>\r\n<\/div>\r\n<style>\r\n    .banner-1 {\r\n        background-image: url(https:\/\/flightradar.live\/wp-content\/uploads\/2021\/08\/airport-info-timetable.webp);\r\n        background-size: cover;\r\n        margin-bottom: 30px;\r\n        margin-left: calc(50% - 50vw);\r\n        margin-right: calc(50% - 50vw);\r\n        max-width: unset;\r\n        height: auto;\r\n    }\r\n\r\n    .banner-2 {\r\n        background-color: rgb(1, 1, 1, 0.5);\r\n        display: flex;\r\n        align-content: center;\r\n        align-items: center;\r\n        justify-content: center;\r\n        flex-direction: column;\r\n        text-align: center;\r\n        height: 100%;\r\n        width: 100%;\r\n        padding: 150px 0;\r\n    }\r\n\r\n    @media (max-width: 767px) {\r\n        .banner-2 {\r\n            padding: 100px 0;\r\n        }\r\n    }\r\n\r\n    .banner-2-span1 {\r\n        font-size: 2.5rem;\r\n        text-shadow: 2px 2px 6px #000;\r\n        line-height: 1.5;\r\n        margin-bottom: 3px;\r\n        text-shadow: 2px 2px 6px #000;\r\n    }\r\n\r\n    .banner-2-span2 {\r\n        font-size: 2rem;\r\n        text-shadow: 2px 2px 6px #000;\r\n        line-height: 1.5;\r\n        font-weight: normal;\r\n        text-transform: uppercase;\r\n        letter-spacing: 4px;\r\n    }\r\n<\/style>\r\n\r\n<div class=\"nrow-wrapper-airport-info\">\r\n    <div class=\"nrow-airport-info\">\r\n        <div class=\"chalf-airport-info\">\r\n            <i class=\"fas-airport-info fas fa-landmark\"><\/i>\r\n        <\/div>\r\n        <div class=\"chalf-airport-info\">\r\n            <h3>Buscar por c\u00f3digo de aeropuerto<\/h3>\r\n        <\/div>\r\n        <div class=\"chalf-airport-info\">\r\n            <p>Indique el c\u00f3digo de aeropuerto de tres letras de la IATA o de cuatro letras de la OACI para obtener m\u00e1s informaci\u00f3n sobre este aeropuerto y su destino.<\/p>\r\n        <\/div>\r\n    <\/div>\r\n    <div class=\"nrow-airport-info\">\r\n        <div class=\"chalf-airport-info\">\r\n            <i class=\"fas-airport-info fas fa-plane\"><\/i>\r\n        <\/div>\r\n        <div class=\"chalf-airport-info\">\r\n            <h3>Buscar por nombre de aeropuerto<\/h3>\r\n        <\/div>\r\n        <div class=\"chalf-airport-info\">\r\n            <p>Introduzca el nombre del aeropuerto para obtener m\u00e1s informaci\u00f3n, como los horarios de llegada y salida.<\/p>\r\n        <\/div>\r\n    <\/div>\r\n    <div class=\"nrow-airport-info\">\r\n        <div class=\"chalf-airport-info\">\r\n            <i class=\"fas-airport-info fas fa-city\"><\/i>\r\n        <\/div>\r\n        <div class=\"chalf-airport-info\">\r\n            <h3>B\u00fasqueda por ciudad<\/h3>\r\n        <\/div>\r\n        <div class=\"chalf-airport-info\">\r\n            <p>Ingrese el nombre de su destino para obtener una lista de los aeropuertos.<\/p>\r\n        <\/div>\r\n    <\/div>\r\n    <div class=\"nrow-airport-info\">\r\n        <div class=\"chalf-airport-info\">\r\n            <i class=\"fas-airport-info fas fa-globe-americas\"><\/i>\r\n        <\/div>\r\n        <div class=\"chalf-airport-info\">\r\n            <h3>B\u00fasqueda por pa\u00eds<\/h3>\r\n        <\/div>\r\n        <div class=\"chalf-airport-info\">\r\n            <p>Provea el nombre de un pa\u00eds para obtener una lista de los aeropuertos disponibles dentro de ese pa\u00eds.<\/p>\r\n        <\/div>\r\n    <\/div>\r\n    <div class=\"nrow-airport-info\">\r\n        <div class=\"chalf-airport-info\">\r\n            <i class=\"fas-airport-info fas fa-sort\"><\/i>\r\n        <\/div>\r\n        <div class=\"chalf-airport-info\">\r\n            <h3>Columnas de clasificaci\u00f3n<\/h3>\r\n        <\/div>\r\n        <div class=\"chalf-airport-info\">\r\n            <p>Por defecto, la tabla se ordena por c\u00f3digo IATA, pero puedes utilizar la funci\u00f3n de ordenaci\u00f3n para cada columna.<\/p>\r\n        <\/div>\r\n    <\/div>\r\n    <div class=\"nrow-airport-info\">\r\n        <div class=\"chalf-airport-info\">\r\n            <i class=\"fas-airport-info fas fa-sort-numeric-down\"><\/i>\r\n        <\/div>\r\n        <div class=\"chalf-airport-info\">\r\n            <h3>Paginaci\u00f3n<\/h3>\r\n        <\/div>\r\n        <div class=\"chalf-airport-info\">\r\n            <p>El control de paginaci\u00f3n que se encuentra debajo de la tabla contiene botones que permiten navegar por las p\u00e1ginas de la tabla de aeropuertos.<\/p>\r\n        <\/div>\r\n    <\/div>\r\n<\/div>\r\n\r\n","protected":false},"excerpt":{"rendered":"<p>Informaci\u00f3n sobre el aeropuertoLlegadas y salidas, retrasos y c\u00f3digos de aeropuerto Vuelos IATA Aeropuerto Ciudad Pa\u00eds ICAO Vuelos IATA Aeropuerto<\/p>\n","protected":false},"author":1,"featured_media":0,"parent":0,"menu_order":100,"comment_status":"closed","ping_status":"closed","template":"","meta":[],"_links":{"self":[{"href":"https:\/\/flightradar.live\/es\/wp-json\/wp\/v2\/pages\/258344"}],"collection":[{"href":"https:\/\/flightradar.live\/es\/wp-json\/wp\/v2\/pages"}],"about":[{"href":"https:\/\/flightradar.live\/es\/wp-json\/wp\/v2\/types\/page"}],"author":[{"embeddable":true,"href":"https:\/\/flightradar.live\/es\/wp-json\/wp\/v2\/users\/1"}],"replies":[{"embeddable":true,"href":"https:\/\/flightradar.live\/es\/wp-json\/wp\/v2\/comments?post=258344"}],"version-history":[{"count":2,"href":"https:\/\/flightradar.live\/es\/wp-json\/wp\/v2\/pages\/258344\/revisions"}],"predecessor-version":[{"id":314427,"href":"https:\/\/flightradar.live\/es\/wp-json\/wp\/v2\/pages\/258344\/revisions\/314427"}],"wp:attachment":[{"href":"https:\/\/flightradar.live\/es\/wp-json\/wp\/v2\/media?parent=258344"}],"curies":[{"name":"wp","href":"https:\/\/api.w.org\/{rel}","templated":true}]}}