{"id":1699,"date":"2017-09-14T21:03:40","date_gmt":"2017-09-14T19:03:40","guid":{"rendered":"https:\/\/flightradar.live\/flightradar24\/"},"modified":"2023-01-08T00:50:43","modified_gmt":"2023-01-07T23:50:43","slug":"flightradar24","status":"publish","type":"page","link":"https:\/\/flightradar.live\/es\/","title":{"rendered":"Flightradar24"},"content":{"rendered":"\r\n\r\n<script src=\"\/js\/flightradar.js\" async><\/script>\r\n<script src=\"\/js\/youtubelazyload.js\"><\/script>\r\n<link rel=\"preconnect\" href=\"https:\/\/www.radarbox24.com\">\r\n\r\n<style>\r\n\t\/*---flightradar map Desktop - full width---*\/\r\n\t@media only screen and (min-width: 769px) {\r\n\t\t.flightadar-mapsize {\r\n\t\t\tmargin-left: calc(50% - 50vw) !important;\r\n\t\t\tmargin-right: calc(50% - 50vw) !important;\r\n\t\t\tmax-width: unset !important;\r\n\t\t}\r\n\t}\r\n\r\n\t@media only screen and (max-width: 768px) {\r\n\t\t.flightradar-list ul {\r\n\t\t\tpadding: 0 0 0 0px !important;\r\n\t\t\tmargin: 0 0 15px 0px !important;\r\n\t\t}\r\n\r\n\t\t.flightradar-list li {\r\n\t\t\tpadding: 10px 0px !important;\r\n\t\t}\r\n\t}\r\n\r\n\t.container {\r\n\t\toverflow: hidden !important;\r\n\t\theight: 350px !important;\r\n\t\twidth: 100%;\r\n\t\tbackground-image: url(https:\/\/flightradar.live\/wp-content\/uploads\/2021\/11\/flightradar-placeholder.webp);\r\n\t\tbackground-position: center center;\r\n\t\tbackground-repeat: no-repeat;\r\n\t\tdisplay: flex;\r\n\t\tjustify-content: center;\r\n\t\talign-items: center;\r\n\t}\r\n\r\n\t.draw {\r\n\t\tbackground-image: linear-gradient(rgb(255, 255, 255, 0.01),\r\n\t\t\t\trgb(255, 255, 255, 0.4),\r\n\t\t\t\trgb(255, 255, 255, 0.6),\r\n\t\t\t\trgb(255, 255, 255, 0.4),\r\n\t\t\t\trgb(255, 255, 255, 0.01));\r\n\t\theight: 120px;\r\n\t\twidth: 100%;\r\n\t\tposition: absolute;\r\n\t}\r\n\r\n\t.btn {\r\n\t\tposition: relative;\r\n\t}\r\n\r\n\t.container .btn {\r\n\t\tbackground-color: #e6d250;\r\n\t\tcolor: #000;\r\n\t\tfont-weight: 700;\r\n\t\tfont-size: 18px;\r\n\t\tpadding: 24px 48px;\r\n\t\tborder: none;\r\n\t\tcursor: pointer;\r\n\t\tborder-radius: 5px;\r\n\t}\r\n\r\n\t.container .btn:hover {\r\n\t\tbackground-color: #b5a21a;\r\n\t}\r\n\r\n\t#showhere {\r\n\t\tbackground: white;\r\n\t\toverflow: hidden;\r\n\t}\r\n\r\n\t.buch-wrapper {\r\n\t\tdisplay: flex;\r\n\t\tgap: 20px 50px;\r\n\t\t\/* row-gap column gap *\/\r\n\t\tflex-direction: row;\r\n\t\tcolumn-gap: 50px;\r\n\t\tmargin: 30px 0px;\r\n\t\tflex-wrap: nowrap;\r\n\t\tjustify-content: space-between;\r\n\r\n\t}\r\n\r\n\t.buch-img {\r\n\t\tdisplay: flex;\r\n\t\tmin-width: 300px;\r\n\t\tjustify-content: center;\r\n\t\talign-items: center;\r\n\t}\r\n\r\n\r\n\t@media only screen and (max-width: 768px) {\r\n\t\t.buch-wrapper {\r\n\t\t\tflex-wrap: wrap;\r\n\t\t\tjustify-content: center;\r\n\t\t}\r\n\t}\r\n\r\n\t@media only screen and (max-width: 768px) {\r\n\t\t.publift-not-mobile {\r\n\t\t\tdisplay: none;\r\n\t\t}\r\n\t}\r\n\r\n\t@media only screen and (min-width: 769px) {\r\n\t\t.publift-not-desktop {\r\n\t\t\tdisplay: none;\r\n\t\t}\r\n\t}\r\n<\/style>\r\n\r\n<style>\r\n\t.youtube-player {\r\n\t\tposition: relative;\r\n\t\tpadding-bottom: 56.25%;\r\n\t\theight: 0;\r\n\t\toverflow: hidden;\r\n\t\tmax-width: 100%;\r\n\t\tbackground: #000;\r\n\t\tmargin: 0px;\r\n\t}\r\n\r\n\t.youtube-player iframe {\r\n\t\tposition: absolute;\r\n\t\ttop: 0;\r\n\t\tleft: 0;\r\n\t\twidth: 100%;\r\n\t\theight: 100%;\r\n\t\tz-index: 100;\r\n\t\tbackground: transparent;\r\n\t}\r\n\r\n\t.youtube-player img {\r\n\t\tobject-fit: cover;\r\n\t\tdisplay: block;\r\n\t\tleft: 0;\r\n\t\tbottom: 0;\r\n\t\tmargin: auto;\r\n\t\tmax-width: 100%;\r\n\t\twidth: 100%;\r\n\t\tposition: absolute;\r\n\t\tright: 0;\r\n\t\ttop: 0;\r\n\t\tborder: none;\r\n\t\theight: auto;\r\n\t\tcursor: pointer;\r\n\t\t-webkit-transition: 0.4s all;\r\n\t\t-moz-transition: 0.4s all;\r\n\t\ttransition: 0.4s all;\r\n\t}\r\n\r\n\t.youtube-player img:hover {\r\n\t\t-webkit-filter: brightness(75%);\r\n\t\t-moz-filter: brightness(75%);\r\n\t\tfilter: brightness(75%);\r\n\t}\r\n\r\n\t.youtube-player .play {\r\n\t\theight: 72px;\r\n\t\twidth: 72px;\r\n\t\tleft: 50%;\r\n\t\ttop: 50%;\r\n\t\tmargin-left: -36px;\r\n\t\tmargin-top: -36px;\r\n\t\tposition: absolute;\r\n\t\tbackground: url(\"https:\/\/upload.wikimedia.org\/wikipedia\/commons\/b\/b8\/YouTube_play_button_icon_(2013%E2%80%932017).svg\") no-repeat;\r\n\t\tcursor: pointer;\r\n\t}\r\n<\/style>\r\n\r\n<!-- 71161633\/home_header\/home_header -->\r\n<div class=\"publift-not-desktop\" style=\"min-height: 250px;\" data-fuse=\"22846376962\"><\/div>\r\n\r\n<div id=\"flightradar-wrapper\">\r\n\t<div class=\"flightadar-mapsize\" style=\"margin:15px 0;\">\r\n\t\t<div id=\"showhere\"><\/div>\r\n\t\t<div class=\"container\" id=\"framesize\">\r\n\t\t\t<div class=\"draw\"><\/div>\r\n\t\t\t<div class=\"btn radar-btn\" id=\"showradar\" rel=\"nofollow\">S T A R T<\/div>\r\n\t\t<\/div>\r\n\t<\/div>\r\n<\/div>\r\n\r\n<!-- 71161633\/home_header\/home_header -->\r\n<div class=\"publift-not-mobile\" style=\"min-height: 250px;\" data-fuse=\"22846376962\"><\/div>\r\n<!-- 71161633\/home_incontent_1\/home_incontent_1 -->\r\n<div class=\"publift-not-desktop\" style=\"min-height: 90px;\" data-fuse=\"22846376758\"><\/div>\r\n\r\n<div class=\"main-text\">\r\n\t<h1>Siempre a la altura: el seguimiento de vuelo de Flightradar24<\/h1>\r\n\t<p style=\"text-align: justify;\">El sol brilla, no hay nubes a la vista&#8230; en el cielo azul un avi\u00f3n dibuja una delgada estela blanca que se va disipando conforme el avi\u00f3n desaparece en la lejan\u00eda. Nadie sabe hacia d\u00f3nde se dirigen los viajeros. \u00bfNadie? \u00a1Eso no est\u00e1 tan claro! Con la oferta de Flightradar24 podr\u00e1s saber exactamente hacia d\u00f3nde se dirige el <strong><a href=\"https:\/\/www.airbus.com\" target=\"_blank\" rel=\"noopener\">Airbus<\/a><\/strong> o el <strong><a href=\"https:\/\/www.boeing.com\" target=\"_blank\" rel=\"noopener\">Boeing<\/a><\/strong> que ves volando. Si siempre quisiste saber sobre el tr\u00e1fico a\u00e9reo de tu ciudad, de otra ciudad cercana o incluso de Nueva York, este es el servicio que estabas buscando, que adem\u00e1s ofrece informaci\u00f3n adicional muy \u00fatil para viajeros y familiares y, adem\u00e1s, para aprovechar las aficiones de estos.<\/p>\r\n\r\n\t<h2>De hobby a l\u00edder de mercado: el origen de Flightradar24<\/h2>\r\n\t<div class=\"video-container-wrapper\" style=\"float: right; margin: 8px 0px 25px 25px;\">\r\n\t\t<div class=\"youtube-player\" data-id=\"RRlrZpD_6Rg\" itemprop=\"video\" itemscope itemtype=\"http:\/\/schema.org\/VideoObject\">\r\n\t\t\t<meta itemprop=\"name\" content=\"Flightradar24: The Go-To Source for Plane Tracking\" \/>\r\n\t\t\t<meta itemprop=\"description\" content=\"From hobby to market leader - the origins of Flightradar24\" \/>\r\n\t\t\t<meta itemprop=\"thumbnailUrl\" content=\"https:\/\/i.ytimg.com\/vi_webp\/RRlrZpD_6Rg\/hqdefault.webp\" \/>\r\n\t\t\t<meta itemprop=\"uploadDate\" content=\"2015-08-26T19:07:00+02:00\" \/>\r\n\t\t\t<meta itemprop=\"duration\" content=\"PT0H5M13S\" \/>\r\n\t\t\t<meta itemprop=\"embedUrl\" content=\"https:\/\/www.youtube.com\/embed\/RRlrZpD_6Rg\" \/>\r\n\t\t<\/div>\r\n\t<\/div>\r\n\t<p style=\"text-align: justify;\">\u00bfTe interesa lo que pasa <strong>en el cielo, por encima de ti<\/strong>? Entonces te pareces a <strong>dos suecos<\/strong> amantes de la aviaci\u00f3n que quer\u00edan saber en cualquier momento qu\u00e9 avi\u00f3n volaba por encima de sus cabezas y cu\u00e1l era el destino del aparato desconocido. Esta informaci\u00f3n les estaba prohibida. Lo que s\u00ed sab\u00edan es que <strong>cada avi\u00f3n dispone de un transpondedor<\/strong>, a trav\u00e9s del cual se env\u00edan datos como <strong>velocidad del avi\u00f3n, ruta de viaje<\/strong> y<strong> altura<\/strong> actualizada. La mayor\u00eda de aerol\u00edneas emplean para ello la tecnolog\u00eda <strong>ADS-B<\/strong>, por las siglas en ingl\u00e9s de \u00abAutomatic Dependent Surveillance-Broadcast\u00bb. Los mencionados suecos han querido utilizar la informaci\u00f3n compartida de esta forma y han puesto en pr\u00e1ctica su plan. As\u00ed naci\u00f3 la idea de <a href=\"https:\/\/flightradar.live\/es\/\" target=\"_blank\" rel=\"noopener\">Flightradar24<\/a>.<\/p>\r\n\r\n\t<!-- 71161633\/home_incontent_1\/home_incontent_1 -->\r\n\t<div class=\"publift-not-mobile\" style=\"min-height: 90px;\" data-fuse=\"22846376758\"><\/div>\r\n\t<!-- 71161633\/home_incontent_2\/home_incontent_2 -->\r\n\t<div class=\"publift-not-desktop\" style=\"min-height: 90px;\" data-fuse=\"22846376959\"><\/div>\r\n\r\n\t<h3>La tecnolog\u00eda detr\u00e1s de Flightradar24<\/h3>\r\n\t<p style=\"text-align: justify;\">La aplicaci\u00f3n parece sencilla, pero realmente requiere de un gran esfuerzo. En el a\u00f1o 2006, los fundadores de Flightradar24 comenzaron a instalar receptores ADS-B por Europa, m\u00e1s tarde a <strong>nivel mundial<\/strong>. De esta forma ten\u00edan acceso a los <strong>datos codificados transmitidos<\/strong> por numerosos aviones. La informaci\u00f3n recogida se <strong>transmit\u00eda directamente a Internet<\/strong> y aparec\u00eda en la p\u00e1gina de Flightradar24. As\u00ed es como funciona el servicio hoy en d\u00eda. Es cierto que el nombre elegido puede llevar a confusi\u00f3n, ya que la t\u00e9cnica utilizada nada tiene que ver con un radar de vuelo en sentido estricto.<\/p>\r\n\t<p style=\"text-align: justify;\">Los radares suelen emplearse en aeropuertos y bases militares para detectar objetos voladores. Con ellos pueden detectarse incluso aparatos que no emiten ninguna se\u00f1al. De cualquier modo, el resultado es muy similar y por eso el nombre de Flightradar24 resulta apropiado: <strong>Todos los movimientos de aviones registrados se muestran en un mapa<\/strong>.<\/p>\r\n\r\n\t<h2>\u00bfC\u00f3mo funciona Flightradar24?<\/h2>\r\n\t<p style=\"text-align: justify;\">Para acceder a la informaci\u00f3n de Flightradar24 solo necesitas disponer de <strong>conexi\u00f3n a Internet y un dispositivo para la recepci\u00f3n<\/strong>. Es posible acceder a este servicio mediante un ordenador o un port\u00e1til, as\u00ed como a trav\u00e9s de una tableta o un smartphone, para dispositivos m\u00f3viles incluso existe una aplicaci\u00f3n espec\u00edfica. El \u00fanico requisito es tener Java y Flash activados en el navegador, ya que son necesarios para mostrar el mapa interactivo.<\/p>\r\n\r\n\t<h3>Un primer vistazo al tr\u00e1fico a\u00e9reo<\/h3>\r\n\t<p style=\"text-align: justify;\">Una vez cubiertos todos los requisitos, aparece un mapa con muchos s\u00edmbolos en amarillo, cada uno de los cuales representa un avi\u00f3n en el aire. Lo que en un primer momento parece un gran desorden y un <strong>hormiguero ca\u00f3tico<\/strong>, realmente es el tr\u00e1fico a\u00e9reo actualizado en Europa, Alemania o Am\u00e9rica. La regi\u00f3n que se muestra depende del mapa establecido. Una vez llegados a este punto ya puede comenzar el verdadero seguimiento de vuelo.<\/p>\r\n\r\n\t<!-- 71161633\/home_incontent_2\/home_incontent_2 -->\r\n\t<div class=\"publift-not-mobile\" style=\"min-height: 90px;\" data-fuse=\"22846376959\"><\/div>\r\n\t<!-- 71161633\/home_incontent_3\/home_incontent_3 -->\r\n\t<div class=\"publift-not-desktop\" style=\"min-height: 90px;\" data-fuse=\"22846376767\"><\/div>\r\n\r\n\t<h2>\u00bfC\u00f3mo se utiliza Flightradar24?<\/h2>\r\n\t<div class=\"video-container-wrapper\" style=\"float: right; margin: 8px 0px 25px 25px;\">\r\n\t\t<div class=\"youtube-player\" data-id=\"DAK5iiY5Drs\" itemprop=\"video\" itemscope itemtype=\"http:\/\/schema.org\/VideoObject\">\r\n\t\t\t<meta itemprop=\"name\" content=\"How to use the Flight Tracker on flightradar.live\" \/>\r\n\t\t\t<meta itemprop=\"description\" content=\"How to use the flight radar on flightradar.live is shown here in a simple and understandable way.\" \/>\r\n\t\t\t<meta itemprop=\"thumbnailUrl\" content=\"https:\/\/i.ytimg.com\/vi_webp\/DAK5iiY5Drs\/hqdefault.webp\" \/>\r\n\t\t\t<meta itemprop=\"uploadDate\" content=\"2019-03-31T07:49:02+02:00\" \/>\r\n\t\t\t<meta itemprop=\"duration\" content=\"PT0H5M13S\" \/>\r\n\t\t\t<meta itemprop=\"embedUrl\" content=\"https:\/\/www.youtube.com\/embed\/DAK5iiY5Drs\" \/>\r\n\t\t<\/div>\r\n\t<\/div>\r\n\t<p style=\"text-align: justify;\">El manejo de Flightradar24 es relativamente <strong>sencillo<\/strong>. Sin embargo, hay <strong>varias opciones de manejo<\/strong> con las que debes familiarizarte poco a poco. M\u00e1s adelante no tendr\u00e1s ning\u00fan problema en navegar por el programa con seguridad.<\/p>\r\n\r\n\t<h3>Cambiar la escala y desplazar el mapa<\/h3>\r\n\t<p style=\"text-align: justify;\">Para obtener una vista general y aprender a navegar por el servicio, en primer lugar deber\u00e1s cambiar la escala del mapa seleccionado. Normalmente, en la imagen inicial se muestra una amplia regi\u00f3n del espacio a\u00e9reo alrededor de tu ubicaci\u00f3n. Al hacer clic sobre el \u00abbot\u00f3n de aumento\u00bb, representado mediante un<strong> signo m\u00e1s, la imagen se reduce<\/strong>. A continuaci\u00f3n, disminuye la cantidad de aviones representados y obtendr\u00e1s una imagen m\u00e1s n\u00edtida y clara. Si utilizas Flightradar24 con un dispositivo m\u00f3vil, el <strong>zoom de aumento<\/strong> se realiza, <strong>como siempre<\/strong>, <strong>mediante la pantalla t\u00e1ctil<\/strong>.<\/p>\r\n\t<p style=\"text-align: justify;\">Para moverse en el mapa hacia el norte, sur, este u oeste, deber\u00e1s mantener pulsada la imagen con el rat\u00f3n o con la pantalla t\u00e1ctil y desplazarla hacia el lugar correspondiente. As\u00ed ya tendr\u00e1s el mapa ajustado para el seguimiento de un vuelo concreto.<\/p>\r\n\r\n\t<h3>Acceder a los datos del avi\u00f3n<\/h3>\r\n\t<p style=\"text-align: justify;\">Para acceder a la informaci\u00f3n sobre un avi\u00f3n deber\u00e1s pulsar el s\u00edmbolo correspondiente en el mapa interactivo de Flightradar24. As\u00ed se abrir\u00e1 una ventana de informaci\u00f3n de la que se pueden obtener varios <strong>datos interesantes<\/strong>. Podr\u00e1s saber inmediatamente cu\u00e1les son las ciudades de partida y destino del avi\u00f3n. Adem\u00e1s, se muestran la <strong>aerol\u00ednea<\/strong>, el<strong> tipo de vuelo<\/strong> y su <strong>identificador<\/strong>. Un poco m\u00e1s abajo se detalla la <strong>informaci\u00f3n en directo<\/strong> sobre velocidad, altura del avi\u00f3n y hora estimada de llegada al aeropuerto de destino. Para muchos aviones tambi\u00e9n hay una imagen adjuntada por amantes de la aviaci\u00f3n. Si la visibilidad es buena desde el suelo, es posible reconocer elementos concretos, como alas de color rojo o bandas publicitarias pintadas.<\/p>\r\n\r\n\t<!-- 71161633\/home_incontent_3\/home_incontent_3 -->\r\n\t<div class=\"publift-not-mobile\" style=\"min-height: 90px;\" data-fuse=\"22846376767\"><\/div>\r\n\t<!-- 71161633\/home_incontent_4\/home_incontent_4 -->\r\n\t<div class=\"publift-not-desktop\" style=\"min-height: 90px;\" data-fuse=\"22846376971\"><\/div>\r\n\r\n\t<h3>B\u00fasqueda espec\u00edfica seg\u00fan aeropuertos y regiones<\/h3>\r\n\t<img loading=\"lazy\" style=\"float: left; margin: 6px 25px 25px 0px;\" src=\"https:\/\/flightradar.live\/wp-content\/uploads\/2019\/10\/Flightradar24-1min-e1570739723715.jpg\" alt=\"Avi\u00f3n en vuelo al atardecer\" width=\"430\" height=\"282\" \/>\r\n\t<p style=\"text-align: justify;\">Si te interesa saber qu\u00e9 aviones sobrevuelan tu regi\u00f3n, tienes la opci\u00f3n de realizar una <strong>b\u00fasqueda espec\u00edfica seg\u00fan aeropuertos<\/strong>. Para ello solo tienes que indicar el nombre concreto en el cuadro de b\u00fasqueda y de inmediato se actualizar\u00e1 el mapa de Flightradar24. Si tu ciudad no se muestra directamente, bastar\u00e1 con ajustar un poco el mapa. Si configuras el mapa para un radio de pocos kil\u00f3metros alrededor de tu ubicaci\u00f3n podr\u00e1s realizar el seguimiento de <strong>pr\u00e1cticamente cualquier avi\u00f3n de pasajeros que pase por el cielo<\/strong>.<\/p>\r\n\r\n\t<h3>Seguimiento de vuelos seleccionados<\/h3>\r\n\t<p style=\"text-align: justify;\">\u00bfPrefieres saber d\u00f3nde se encuentra un avi\u00f3n concreto, pues en \u00e9l viajan familiares o amigos? Esta opci\u00f3n tambi\u00e9n est\u00e1 disponible con Flightradar24. En lugar de indicar el aeropuerto, debes realizar la b\u00fasqueda por el identificador del vuelo. Si hay un avi\u00f3n que se ajusta a la descripci\u00f3n, la pantalla se centrar\u00e1 en este y podr\u00e1s <strong>ver toda la informaci\u00f3n disponible en el momento<\/strong>.<\/p>\r\n\r\n\t<h2>\u00bfD\u00f3nde m\u00e1s se utiliza esta tecnolog\u00eda?<\/h2>\r\n\t<p style=\"text-align: justify;\">La tecnolog\u00eda usada por Flightradar24 <strong>no solo se limita a aviones<\/strong>. Existen otros <strong>medios de transporte<\/strong> que utilizan transpondedores para transmitir su posici\u00f3n actualizada. Junto con los radares de vuelo, <strong><a href=\"https:\/\/shiptracker.live\/de\/\" target=\"_blank\" rel=\"noopener\">los radares navales<\/a><\/strong> son particularmente ilustrativos. Estos son utilizados por barcos de pasajeros, buques de carga y ferris para transmitir la informaci\u00f3n correspondiente; por supuesto, en estos casos no se indica la altura del vuelo y la velocidad se diferencia notablemente de las referencias del tr\u00e1fico a\u00e9reo. Por lo dem\u00e1s, la t\u00e9cnica es muy similar.<\/p>\r\n\t<p style=\"text-align: justify;\">Para el tr\u00e1fico ferroviario existe el <a href=\"https:\/\/zugradar.info\/\" target=\"_blank\" rel=\"noopener\"><strong>radar ferroviario<\/strong><\/a>. Sin embargo, aqu\u00ed se utiliza una tecnolog\u00eda diferente. Los radares ferroviarios suelen utilizar fuentes de datos ferroviarios de acceso p\u00fablico. La posici\u00f3n de los trenes se muestra en un mapa utilizando estos datos de los horarios. Esto tiene la desventaja de que el radar no muestra informaci\u00f3n en tiempo real. Sin embargo, de vez en cuando tambi\u00e9n hay ofertas basadas en el GPS, pero son minoritarias.<\/p>\r\n\r\n\r\n\t<h2>\u00bfQui\u00e9n puede estar interesado en Flightradar24?<\/h2>\r\n\t<p style=\"text-align: justify;\">La oferta de Flightradar24 est\u00e1 dirigida principalmente a <strong>tres grupos de interesados<\/strong>: Amantes de los aviones y aficionados a la aviaci\u00f3n, as\u00ed como los pasajeros y sus familiares. En principio el servicio est\u00e1 disponible de forma gratuita para cualquier interesado en la informaci\u00f3n publicada.<\/p>\r\n\r\n\t<h3>Torre de control en casa<\/h3>\r\n\t<p style=\"text-align: justify;\">Las personas interesadas en los aviones, el espacio a\u00e9reo y los vuelos modernos pueden <strong>aprovechar muy bien la oferta de Flightradar24<\/strong>. Lo que antes solo era posible como un juego con un software de simulaci\u00f3n de radar, ahora est\u00e1 disponible <strong>en vivo y en directo<\/strong>: seguimiento de vuelo y supervisi\u00f3n del espacio a\u00e9reo desde tu propia casa. Si quieres, puedes recrear la situaci\u00f3n de sentarte en la torre de control durante un tiempo determinado, <strong>sin ninguna responsabilidad real<\/strong>. A veces, los amantes de los vuelos, tambi\u00e9n llamados cari\u00f1osamente \u00abbufones del aire\u00bb, recaban cierta informaci\u00f3n de inter\u00e9s. As\u00ed, en el radar de vuelo de Flightradar24 es posible conocer de inmediato si, por ejemplo, una compa\u00f1\u00eda a\u00e9rea ha modificado su ruta a consecuencia de un temporal o por cualquier otro acontecimiento<\/p>\r\n\r\n\t<!-- 71161633\/home_incontent_4\/home_incontent_4 -->\r\n\t<div class=\"publift-not-mobile\" style=\"min-height: 90px;\" data-fuse=\"22846376971\"><\/div>\r\n\t<!-- 71161633\/home_incontent_5\/home_incontent_5 -->\r\n\t<div class=\"publift-not-desktop\" style=\"min-height: 90px;\" data-fuse=\"22846376974\"><\/div>\r\n\r\n\t<h3>Flightradar24 para spotters y pilotos de drones<\/h3>\r\n\t<div class=\"video-container-wrapper\" style=\"float: right; margin: 6px 0px 25px 25px;\">\r\n\t\t<div class=\"youtube-player\" data-id=\"mTDeruDCvAY\" itemprop=\"video\" itemscope itemtype=\"http:\/\/schema.org\/VideoObject\">\r\n\t\t\t<meta itemprop=\"name\" content=\"Higher, Further, Crash - Epic Drone fails II\" \/>\r\n\t\t\t<meta itemprop=\"description\" content=\"Here you can see a compilation of the biggest drone mishaps\" \/>\r\n\t\t\t<meta itemprop=\"thumbnailUrl\" content=\"https:\/\/i.ytimg.com\/vi_webp\/mTDeruDCvAY\/hqdefault.webp\" \/>\r\n\t\t\t<meta itemprop=\"uploadDate\" content=\"2020-12-31T09:22:30+02:00\" \/>\r\n\t\t\t<meta itemprop=\"duration\" content=\"PT0H10M16S\" \/>\r\n\t\t\t<meta itemprop=\"embedUrl\" content=\"https:\/\/www.youtube.com\/embed\/mTDeruDCvAY\" \/>\r\n\t\t<\/div>\r\n\t<\/div>\r\n\t<p style=\"text-align: justify;\">Los aficionados a la aviaci\u00f3n que utilizan Flightradar24 se clasifican principalmente en dos grupos: <strong>Spotters<\/strong> y <strong>pilotos de drones<\/strong>. Los primeros est\u00e1n siempre al acecho de una fotograf\u00eda \u00fanica de aviones especiales, ya sea en tierra, en el aire, en el despegue o en el aterrizaje. A lo mejor quieras compartir esta pasi\u00f3n en nuestro seguimiento de vuelos.<\/p>\r\n\t<p style=\"text-align: justify;\">Gracias a Flightradar24 ya no tendr\u00e1s que <strong>pasar horas bajo la lluvia<\/strong> esperando a que llegue ese avi\u00f3n excepcional. Mediante el seguimiento de vuelos tendr\u00e1s la mejor informaci\u00f3n sobre <strong>el aterrizaje del avi\u00f3n<\/strong>. A menudo es de esta forma como se descubren los aparatos m\u00e1s extraordinarios. Si, por el contrario, prefieres elevarte con un dron, puedes emplear Flightradar24 como <strong>una herramienta muy \u00fatil<\/strong>. Sabr\u00e1s en cada momento si el espacio a\u00e9reo se encuentra libre o si tienes que contar con alguna limitaci\u00f3n por el tr\u00e1fico a\u00e9reo. Para cualquier aficionado <strong>seguro que la aplicaci\u00f3n resulta muy interesante<\/strong> para poder acceder a la informaci\u00f3n desde la calle.<\/p>\r\n\r\n\r\n\t<h3>\u00bfCu\u00e1ndo llega la familia a casa?<\/h3>\r\n\t<img loading=\"lazy\" style=\"float: left; margin: 6px 25px 15px 0px;\" src=\"https:\/\/flightradar.live\/wp-content\/uploads\/2019\/10\/photo-1562368370-cff10978a647-1024x683min-e1570740394195.jpg\" alt=\"Emirates Anflug auf Hamburg\" width=\"430\" height=\"286\" \/>\r\n\t<p style=\"text-align: justify;\">Flightradar24 ofrece grandes beneficios a los viajeros y sus familiares. Estos \u00faltimos pueden informarse c\u00f3modamente desde sus pantallas si todo va bien ah\u00ed arriba. Adem\u00e1s se muestran los retrasos de forma actualizada. Si tienes que ir al aeropuerto a recoger a un familiar o un amigo, Flightradar24 te indica al minuto cuando debes salir de casa.<\/p>\r\n\t<p style=\"text-align: justify;\">Adem\u00e1s de proporcionar seguridad y tranquilidad a los familiares que quedan en tierra, este servicio es \u00fatil para todos los viajeros. La informaci\u00f3n publicada por Flightradar24 sobre retrasos suele ser m\u00e1s precisa y generalmente est\u00e1 m\u00e1s actualizada que la de los propios aeropuertos.<\/p>\r\n\r\n<\/div>\r\n\r\n<!-- 71161633\/home_incontent_5\/home_incontent_5 -->\r\n<div class=\"publift-not-mobile\" style=\"min-height: 90px;display: block;\" data-fuse=\"22846376974\"><\/div>\r\n\r\n<img loading=\"lazy\" src=\"https:\/\/vg06.met.vgwort.de\/na\/94af7d03f3564b6bbf05d3135fc39150\" width=\"1\" height=\"1\" alt=\"flightradar.live\/es\/\">\r\n\r\n<script type=\"application\/ld+json\">\r\n        {\r\n          \"@context\": \"https:\/\/schema.org\",\r\n          \"@type\": \"FAQPage\",\r\n          \"mainEntity\": [{\r\n            \"@type\": \"Question\",\r\n            \"name\": \"\u00bfC\u00f3mo funciona Flightradar24?\",\r\n            \"acceptedAnswer\": {\r\n              \"@type\": \"Answer\",\r\n              \"text\": \"Para acceder a la informaci\u00f3n de <a href=\u2019https:\/\/flightradar.live\/es\/\u2019>Flightradar24<\/a> solo necesitas disponer de conexi\u00f3n a Internet y un dispositivo para la recepci\u00f3n. Es posible acceder a este servicio mediante un ordenador o un port\u00e1til, as\u00ed como a trav\u00e9s de una tableta o un smartphone, para dispositivos m\u00f3viles incluso existe una aplicaci\u00f3n espec\u00edfica. El \u00fanico requisito es tener Java y Flash activados en el navegador, ya que son necesarios para mostrar el mapa interactivo.\"\r\n            }\r\n          }, {\r\n            \"@type\": \"Question\",\r\n            \"name\": \"\u00bfC\u00f3mo se utiliza Flightradar24?\",\r\n            \"acceptedAnswer\": {\r\n              \"@type\": \"Answer\",\r\n              \"text\": \"El manejo de <a href=\u2019https:\/\/flightradar.live\/es\/\u2019>Flightradar24<\/a> es relativamente sencillo. Sin embargo, hay varias opciones de manejo con las que debes familiarizarte poco a poco. M\u00e1s adelante no tendr\u00e1s ning\u00fan problema en navegar por el programa con seguridad.\"\r\n            }\r\n          }, {\r\n            \"@type\": \"Question\",\r\n            \"name\": \"\u00bfD\u00f3nde m\u00e1s se utiliza esta tecnolog\u00eda?\",\r\n            \"acceptedAnswer\": {\r\n              \"@type\": \"Answer\",\r\n              \"text\": \"La tecnolog\u00eda usada por <a href=\u2019https:\/\/flightradar.live\/es\/\u2019>Flightradar24<\/a> no solo se limita a aviones. Existen otros medios de transporte que utilizan transpondedores para transmitir su posici\u00f3n actualizada. Junto con los radares de vuelo, los radares navales son particularmente ilustrativos. Estos son utilizados por barcos de pasajeros, buques de carga y ferris para transmitir la informaci\u00f3n correspondiente; por supuesto, en estos casos no se indica la altura del vuelo y la velocidad se diferencia notablemente de las referencias del tr\u00e1fico a\u00e9reo. Por lo dem\u00e1s, la t\u00e9cnica es muy similar.\"\r\n            }\r\n          }, {\r\n            \"@type\": \"Question\",\r\n            \"name\": \"\u00bfQui\u00e9n puede estar interesado en Flightradar24?\",\r\n            \"acceptedAnswer\": {\r\n              \"@type\": \"Answer\",\r\n              \"text\":\"La oferta de <a href=\u2019https:\/\/flightradar.live\/es\/\u2019>Flightradar24<\/a> est\u00e1 dirigida principalmente a tres grupos de interesados: Amantes de los aviones y aficionados a la aviaci\u00f3n, as\u00ed como los pasajeros y sus familiares. En principio el servicio est\u00e1 disponible de forma gratuita para cualquier interesado en la informaci\u00f3n publicada.\"\r\n          }\r\n            }]\r\n          }\r\n        <\/script>\r\n\r\n","protected":false},"excerpt":{"rendered":"<p>S T A R T Siempre a la altura: el seguimiento de vuelo de Flightradar24 El sol brilla, no hay<\/p>\n","protected":false},"author":1,"featured_media":0,"parent":0,"menu_order":1,"comment_status":"closed","ping_status":"closed","template":"","meta":[],"_links":{"self":[{"href":"https:\/\/flightradar.live\/es\/wp-json\/wp\/v2\/pages\/1699"}],"collection":[{"href":"https:\/\/flightradar.live\/es\/wp-json\/wp\/v2\/pages"}],"about":[{"href":"https:\/\/flightradar.live\/es\/wp-json\/wp\/v2\/types\/page"}],"author":[{"embeddable":true,"href":"https:\/\/flightradar.live\/es\/wp-json\/wp\/v2\/users\/1"}],"replies":[{"embeddable":true,"href":"https:\/\/flightradar.live\/es\/wp-json\/wp\/v2\/comments?post=1699"}],"version-history":[{"count":1,"href":"https:\/\/flightradar.live\/es\/wp-json\/wp\/v2\/pages\/1699\/revisions"}],"predecessor-version":[{"id":314149,"href":"https:\/\/flightradar.live\/es\/wp-json\/wp\/v2\/pages\/1699\/revisions\/314149"}],"wp:attachment":[{"href":"https:\/\/flightradar.live\/es\/wp-json\/wp\/v2\/media?parent=1699"}],"curies":[{"name":"wp","href":"https:\/\/api.w.org\/{rel}","templated":true}]}}